{"id":6092,"date":"2024-01-15T22:29:11","date_gmt":"2024-01-16T01:29:11","guid":{"rendered":"https:\/\/esferasistemadigital.com.br\/visa\/?page_id=6092"},"modified":"2024-01-17T15:28:31","modified_gmt":"2024-01-17T18:28:31","slug":"cadastro-de-prescritores","status":"publish","type":"page","link":"https:\/\/esferasistemadigital.com.br\/visa\/cadastro-de-prescritores\/","title":{"rendered":"Cadastro de prescritores"},"content":{"rendered":"\t\t<div data-elementor-type=\"wp-page\" data-elementor-id=\"6092\" class=\"elementor elementor-6092\" data-elementor-settings=\"{&quot;ha_cmc_init_switcher&quot;:&quot;no&quot;}\">\n\t\t\t\t<div class=\"elementor-element elementor-element-57e7678 e-flex e-con-boxed wpr-particle-no wpr-jarallax-no wpr-parallax-no wpr-sticky-section-no e-con e-parent\" data-id=\"57e7678\" data-element_type=\"container\" data-settings=\"{&quot;_ha_eqh_enable&quot;:false}\">\n\t\t\t\t\t<div class=\"e-con-inner\">\n\t\t<div class=\"elementor-element elementor-element-4dfdaae e-flex e-con-boxed wpr-particle-no wpr-jarallax-no wpr-parallax-no wpr-sticky-section-no e-con e-child\" data-id=\"4dfdaae\" data-element_type=\"container\" data-settings=\"{&quot;_ha_eqh_enable&quot;:false}\">\n\t\t\t\t\t<div class=\"e-con-inner\">\n\t\t\t\t<div class=\"elementor-element elementor-element-1d29d77 elementor-position-inline-start elementor-mobile-position-inline-start elementor-view-stacked elementor-shape-circle elementor-widget elementor-widget-icon-box\" data-id=\"1d29d77\" data-element_type=\"widget\" data-widget_type=\"icon-box.default\">\n\t\t\t\t<div class=\"elementor-widget-container\">\n\t\t\t\t\t\t\t<div class=\"elementor-icon-box-wrapper\">\n\n\t\t\t\t\t\t<div class=\"elementor-icon-box-icon\">\n\t\t\t\t<span  class=\"elementor-icon\">\n\t\t\t\t<svg aria-hidden=\"true\" class=\"e-font-icon-svg e-fas-chalkboard-teacher\" viewBox=\"0 0 640 512\" xmlns=\"http:\/\/www.w3.org\/2000\/svg\"><path d=\"M208 352c-2.39 0-4.78.35-7.06 1.09C187.98 357.3 174.35 360 160 360c-14.35 0-27.98-2.7-40.95-6.91-2.28-.74-4.66-1.09-7.05-1.09C49.94 352-.33 402.48 0 464.62.14 490.88 21.73 512 48 512h224c26.27 0 47.86-21.12 48-47.38.33-62.14-49.94-112.62-112-112.62zm-48-32c53.02 0 96-42.98 96-96s-42.98-96-96-96-96 42.98-96 96 42.98 96 96 96zM592 0H208c-26.47 0-48 22.25-48 49.59V96c23.42 0 45.1 6.78 64 17.8V64h352v288h-64v-64H384v64h-76.24c19.1 16.69 33.12 38.73 39.69 64H592c26.47 0 48-22.25 48-49.59V49.59C640 22.25 618.47 0 592 0z\"><\/path><\/svg>\t\t\t\t<\/span>\n\t\t\t<\/div>\n\t\t\t\n\t\t\t\t\t\t<div class=\"elementor-icon-box-content\">\n\n\t\t\t\t\t\t\t\t\t<h3 class=\"elementor-icon-box-title\">\n\t\t\t\t\t\t<span  >\n\t\t\t\t\t\t\tCADASTRO DE PRESCRITORES\t\t\t\t\t\t<\/span>\n\t\t\t\t\t<\/h3>\n\t\t\t\t\n\t\t\t\t\n\t\t\t<\/div>\n\t\t\t\n\t\t<\/div>\n\t\t\t\t\t\t<\/div>\n\t\t\t\t<\/div>\n\t\t\t\t\t<\/div>\n\t\t\t\t<\/div>\n\t\t\t\t\t<\/div>\n\t\t\t\t<\/div>\n\t\t<div class=\"elementor-element elementor-element-9911887 e-flex e-con-boxed wpr-particle-no wpr-jarallax-no wpr-parallax-no wpr-sticky-section-no e-con e-parent\" data-id=\"9911887\" data-element_type=\"container\" data-settings=\"{&quot;_ha_eqh_enable&quot;:false}\">\n\t\t\t\t\t<div class=\"e-con-inner\">\n\t\t<div class=\"elementor-element elementor-element-db7e29e e-flex e-con-boxed wpr-particle-no wpr-jarallax-no wpr-parallax-no wpr-sticky-section-no e-con e-child\" data-id=\"db7e29e\" data-element_type=\"container\" data-settings=\"{&quot;_ha_eqh_enable&quot;:false}\">\n\t\t\t\t\t<div class=\"e-con-inner\">\n\t\t\t\t<div class=\"elementor-element elementor-element-3e0ef6f elementor-widget elementor-widget-heading\" data-id=\"3e0ef6f\" data-element_type=\"widget\" data-widget_type=\"heading.default\">\n\t\t\t\t<div class=\"elementor-widget-container\">\n\t\t\t\t\t<h3 class=\"elementor-heading-title elementor-size-default\">Perguntas Frequentes<\/h3>\t\t\t\t<\/div>\n\t\t\t\t<\/div>\n\t\t\t\t\t<\/div>\n\t\t\t\t<\/div>\n\t\t\t\t\t<\/div>\n\t\t\t\t<\/div>\n\t\t<div class=\"elementor-element elementor-element-22bafe0 e-flex e-con-boxed wpr-particle-no wpr-jarallax-no wpr-parallax-no wpr-sticky-section-no e-con e-parent\" data-id=\"22bafe0\" data-element_type=\"container\" data-settings=\"{&quot;_ha_eqh_enable&quot;:false}\">\n\t\t\t\t\t<div class=\"e-con-inner\">\n\t\t<div class=\"elementor-element elementor-element-af8e176 e-flex e-con-boxed wpr-particle-no wpr-jarallax-no wpr-parallax-no wpr-sticky-section-no e-con e-child\" data-id=\"af8e176\" data-element_type=\"container\" data-settings=\"{&quot;_ha_eqh_enable&quot;:false}\">\n\t\t\t\t\t<div class=\"e-con-inner\">\n\t\t\t\t<div class=\"elementor-element elementor-element-54abc43 elementor-widget elementor-widget-toggle\" data-id=\"54abc43\" data-element_type=\"widget\" data-widget_type=\"toggle.default\">\n\t\t\t\t<div class=\"elementor-widget-container\">\n\t\t\t\t\t\t\t<div class=\"elementor-toggle\">\n\t\t\t\t\t\t\t<div class=\"elementor-toggle-item\">\n\t\t\t\t\t<div id=\"elementor-tab-title-8871\" class=\"elementor-tab-title\" data-tab=\"1\" role=\"button\" aria-controls=\"elementor-tab-content-8871\" aria-expanded=\"false\">\n\t\t\t\t\t\t\t\t\t\t\t\t<a class=\"elementor-toggle-title\" tabindex=\"0\">1) Quem pode utilizar este servi\u00e7o?<\/a>\n\t\t\t\t\t<\/div>\n\n\t\t\t\t\t<div id=\"elementor-tab-content-8871\" class=\"elementor-tab-content elementor-clearfix\" data-tab=\"1\" role=\"region\" aria-labelledby=\"elementor-tab-title-8871\"><p>Profissionais m\u00e9dicos, m\u00e9dicos-veterin\u00e1rios, cirurgi\u00f5es-dentistas e institui\u00e7\u00f5es ou unidades hospitalares, devidamente inscritos no Conselho de Classe respectivos, que utilizem Notifica\u00e7\u00f5es de Receitas A, B, B2, nos termos da legisla\u00e7\u00e3o vigente.<\/p><p>Profissionais m\u00e9dicos, devidamente inscritos no Conselho Regional de Medicina (CRM), que utilizem Receitas de Retin\u00f3ides e Talidomida, nos termos da legisla\u00e7\u00e3o vigente.<\/p><\/div>\n\t\t\t\t<\/div>\n\t\t\t\t\t\t\t<div class=\"elementor-toggle-item\">\n\t\t\t\t\t<div id=\"elementor-tab-title-8872\" class=\"elementor-tab-title\" data-tab=\"2\" role=\"button\" aria-controls=\"elementor-tab-content-8872\" aria-expanded=\"false\">\n\t\t\t\t\t\t\t\t\t\t\t\t<a class=\"elementor-toggle-title\" tabindex=\"0\">2) Quais as documenta\u00e7\u00f5es necess\u00e1rias para realizar o cadastramento?<\/a>\n\t\t\t\t\t<\/div>\n\n\t\t\t\t\t<div id=\"elementor-tab-content-8872\" class=\"elementor-tab-content elementor-clearfix\" data-tab=\"2\" role=\"region\" aria-labelledby=\"elementor-tab-title-8872\"><ul><li>Ficha Cadastral do profissional ou institui\u00e7\u00e3o.<\/li><\/ul><ul><li>C\u00f3pia e Original da Carteira do Conselho Regional de Medicina (CRM) ou Conselho Regional de Odontologia (CRO) ou Conselho Regional de Medicina Veterin\u00e1ria (CRMV);<\/li><li>C\u00f3pia do Comprovante de endere\u00e7o residencial ou do consult\u00f3rio;<\/li><li>Carimbo profissional<\/li><li>Declara\u00e7\u00e3o de conhecimento dos riscos de talidomida (apenas TALIDOMIDA). (link)<\/li><\/ul><p>Obs. Para prescritores vinculados a unidade hospitalar ou equivalente de assist\u00eancia m\u00e9dica, anexar o comprovante de endere\u00e7o residencial do Respons\u00e1vel T\u00e9cnico (RT) e uma prova de v\u00ednculo do RT com a empresa (declara\u00e7\u00e3o\/contrato\/carteira de trabalho, etc). As c\u00f3pias dos documentos devem ser acompanhadas dos originais.<\/p><\/div>\n\t\t\t\t<\/div>\n\t\t\t\t\t\t\t<div class=\"elementor-toggle-item\">\n\t\t\t\t\t<div id=\"elementor-tab-title-8873\" class=\"elementor-tab-title\" data-tab=\"3\" role=\"button\" aria-controls=\"elementor-tab-content-8873\" aria-expanded=\"false\">\n\t\t\t\t\t\t\t\t\t\t\t\t<a class=\"elementor-toggle-title\" tabindex=\"0\">3) Posso solicitar outra pessoa realizar o cadastro em meu nome?<\/a>\n\t\t\t\t\t<\/div>\n\n\t\t\t\t\t<div id=\"elementor-tab-content-8873\" class=\"elementor-tab-content elementor-clearfix\" data-tab=\"3\" role=\"region\" aria-labelledby=\"elementor-tab-title-8873\"><p>Em caso de impedimento, o prescritor poder\u00e1 encaminhar a Ficha Cadastral preenchida com a assinatura reconhecida em cart\u00f3rio, exceto para a retirada dos talon\u00e1rios de notifica\u00e7\u00e3o de Talidomida, cujo cadastro dever\u00e1 ser realizado somente pelo profissional m\u00e9dico.<\/p><\/div>\n\t\t\t\t<\/div>\n\t\t\t\t\t\t\t<div class=\"elementor-toggle-item\">\n\t\t\t\t\t<div id=\"elementor-tab-title-8874\" class=\"elementor-tab-title\" data-tab=\"4\" role=\"button\" aria-controls=\"elementor-tab-content-8874\" aria-expanded=\"false\">\n\t\t\t\t\t\t\t\t\t\t\t\t<a class=\"elementor-toggle-title\" tabindex=\"0\">4) Onde solicito o cadastramento?<\/a>\n\t\t\t\t\t<\/div>\n\n\t\t\t\t\t<div id=\"elementor-tab-content-8874\" class=\"elementor-tab-content elementor-clearfix\" data-tab=\"4\" role=\"region\" aria-labelledby=\"elementor-tab-title-8874\"><p>Ap\u00f3s preenchida a Ficha Cadastral e apensados os demais documentos necess\u00e1rios, o prescritor ou a pessoa por ele designada, dever\u00e1 protocol\u00e1-los na sede do Setor de Vigil\u00e2ncia Sanit\u00e1ria localizada na Rua Alferes Joaquim Ant\u00f4nio, 160- 1\u00ba andar, Vila Pinto. No caso da Talidomida, somente o profissional m\u00e9dico poder\u00e1 realizar o cadastramento.<\/p><\/div>\n\t\t\t\t<\/div>\n\t\t\t\t\t\t\t<div class=\"elementor-toggle-item\">\n\t\t\t\t\t<div id=\"elementor-tab-title-8875\" class=\"elementor-tab-title\" data-tab=\"5\" role=\"button\" aria-controls=\"elementor-tab-content-8875\" aria-expanded=\"false\">\n\t\t\t\t\t\t\t\t\t\t\t\t<a class=\"elementor-toggle-title\" tabindex=\"0\">5) Qual o valor cobrado relativo ao servi\u00e7o?<\/a>\n\t\t\t\t\t<\/div>\n\n\t\t\t\t\t<div id=\"elementor-tab-content-8875\" class=\"elementor-tab-content elementor-clearfix\" data-tab=\"5\" role=\"region\" aria-labelledby=\"elementor-tab-title-8875\"><p>Gratuito<\/p><\/div>\n\t\t\t\t<\/div>\n\t\t\t\t\t\t\t<div class=\"elementor-toggle-item\">\n\t\t\t\t\t<div id=\"elementor-tab-title-8876\" class=\"elementor-tab-title\" data-tab=\"6\" role=\"button\" aria-controls=\"elementor-tab-content-8876\" aria-expanded=\"false\">\n\t\t\t\t\t\t\t\t\t\t\t\t<a class=\"elementor-toggle-title\" tabindex=\"0\">6) Toda vez que solicitar a numera\u00e7\u00e3o para confec\u00e7\u00e3o de bloco de notifica\u00e7\u00e3o de receita B, B2 e retin\u00f3ides ou solicitar os talon\u00e1rios A ou Talidomida, \u00e9 necess\u00e1rio preencher novamente a ficha cadastral?<\/a>\n\t\t\t\t\t<\/div>\n\n\t\t\t\t\t<div id=\"elementor-tab-content-8876\" class=\"elementor-tab-content elementor-clearfix\" data-tab=\"6\" role=\"region\" aria-labelledby=\"elementor-tab-title-8876\"><p>N\u00e3o. O prescritor, institui\u00e7\u00e3o ou unidade hospitalar dever\u00e1 realizar o cadastro uma \u00fanica vez no Setor de Vigil\u00e2ncia Sanit\u00e1ria. Entretanto, se houver altera\u00e7\u00e3o dos dados informados no cadastro, o mesmo dever\u00e1 comunicar formalmente a autoridade sanit\u00e1ria respons\u00e1vel e preencher nova ficha cadastral.<\/p><\/div>\n\t\t\t\t<\/div>\n\t\t\t\t\t\t\t<div class=\"elementor-toggle-item\">\n\t\t\t\t\t<div id=\"elementor-tab-title-8877\" class=\"elementor-tab-title\" data-tab=\"7\" role=\"button\" aria-controls=\"elementor-tab-content-8877\" aria-expanded=\"false\">\n\t\t\t\t\t\t\t\t\t\t\t\t<a class=\"elementor-toggle-title\" tabindex=\"0\">7) Qual o prazo para resposta?<\/a>\n\t\t\t\t\t<\/div>\n\n\t\t\t\t\t<div id=\"elementor-tab-content-8877\" class=\"elementor-tab-content elementor-clearfix\" data-tab=\"7\" role=\"region\" aria-labelledby=\"elementor-tab-title-8877\"><p>O cadastramento do prescritor, institui\u00e7\u00e3o ou unidade hospitalar \u00e9 realizado no ato da solicita\u00e7\u00e3o.<\/p><\/div>\n\t\t\t\t<\/div>\n\t\t\t\t\t\t\t<div class=\"elementor-toggle-item\">\n\t\t\t\t\t<div id=\"elementor-tab-title-8878\" class=\"elementor-tab-title\" data-tab=\"8\" role=\"button\" aria-controls=\"elementor-tab-content-8878\" aria-expanded=\"false\">\n\t\t\t\t\t\t\t\t\t\t\t\t<a class=\"elementor-toggle-title\" tabindex=\"0\">8) Posso solicitar os talon\u00e1rios e\/ou numera\u00e7\u00f5es no mesmo dia do cadastramento?<\/a>\n\t\t\t\t\t<\/div>\n\n\t\t\t\t\t<div id=\"elementor-tab-content-8878\" class=\"elementor-tab-content elementor-clearfix\" data-tab=\"8\" role=\"region\" aria-labelledby=\"elementor-tab-title-8878\"><p>Sim. Desde que apresentadas as documenta\u00e7\u00f5es necess\u00e1rias e validado o cadastro pela equipe respons\u00e1vel.<\/p><\/div>\n\t\t\t\t<\/div>\n\t\t\t\t\t\t\t\t<\/div>\n\t\t\t\t\t\t<\/div>\n\t\t\t\t<\/div>\n\t\t\t\t\t<\/div>\n\t\t\t\t<\/div>\n\t\t\t\t\t<\/div>\n\t\t\t\t<\/div>\n\t\t<div class=\"elementor-element elementor-element-47aada79 e-flex e-con-boxed wpr-particle-no wpr-jarallax-no wpr-parallax-no wpr-sticky-section-no e-con e-parent\" data-id=\"47aada79\" data-element_type=\"container\" data-settings=\"{&quot;_ha_eqh_enable&quot;:false}\">\n\t\t\t\t\t<div class=\"e-con-inner\">\n\t\t<div class=\"elementor-element elementor-element-6ced43d0 e-flex e-con-boxed wpr-particle-no wpr-jarallax-no wpr-parallax-no wpr-sticky-section-no e-con e-child\" data-id=\"6ced43d0\" data-element_type=\"container\" data-settings=\"{&quot;_ha_eqh_enable&quot;:false}\">\n\t\t\t\t\t<div class=\"e-con-inner\">\n\t\t\t\t<div class=\"elementor-element elementor-element-4fbc762 elementor-widget elementor-widget-heading\" data-id=\"4fbc762\" data-element_type=\"widget\" data-widget_type=\"heading.default\">\n\t\t\t\t<div class=\"elementor-widget-container\">\n\t\t\t\t\t<h3 class=\"elementor-heading-title elementor-size-default\">Arquivos para Download<\/h3>\t\t\t\t<\/div>\n\t\t\t\t<\/div>\n\t\t\t\t\t<\/div>\n\t\t\t\t<\/div>\n\t\t\t\t\t<\/div>\n\t\t\t\t<\/div>\n\t\t<div class=\"elementor-element elementor-element-f658886 e-flex e-con-boxed wpr-particle-no wpr-jarallax-no wpr-parallax-no wpr-sticky-section-no e-con e-parent\" data-id=\"f658886\" data-element_type=\"container\" data-settings=\"{&quot;_ha_eqh_enable&quot;:false}\">\n\t\t\t\t\t<div class=\"e-con-inner\">\n\t\t\t\t<div class=\"elementor-element elementor-element-a059939 elementor-widget elementor-widget-wpdmcategory\" data-id=\"a059939\" data-element_type=\"widget\" data-widget_type=\"wpdmcategory.default\">\n\t\t\t\t<div class=\"elementor-widget-container\">\n\t\t\t\t\t<div class='w3eden'>\n    <div class=''>\n\n        \n        <div id=\"content_wpdm_package_1\">\n            <div class='row'><div class='col-lg-12 col-md-6 col-12'><!-- WPDM Link Template: Call to Action 3 -->\n\n<div class=\"well c2a3\">\n    <div class=\"media\">\n        <div class=\"mr-3\" align=\"left\">\n            <img decoding=\"async\" class=\"wpdm_icon\" alt=\"\u00edcone\" src=\"https:\/\/esferasistemadigital.com.br\/visa\/wp-content\/plugins\/download-manager\/assets\/file-type-icons\/doc.svg\" \/>\n        <\/div>\n        <div class=\"media-body\">\n            <h3 class=\"media-heading\" style=\"padding-top: 0px;border:0px;margin: 0 0 5px 0;font-size:12pt;\">\n                <a style=\"font-weight: 700\" href=\"https:\/\/esferasistemadigital.com.br\/visa\/download\/ficha-cadastral-profissionais-prescritores\/\">Ficha cadastral - profissionais prescritores<\/a>\n                <span style=\"font-size:8pt;font-weight:300\" class=\"text-muted ml-4\">\n                    <i class=\"fas fa-hdd mr-1\"><\/i> 94.00 KB\n                    <i class=\"ml-3 far fa-arrow-alt-circle-down mr-1\"><\/i> 13 downloads\n                <\/span>\n            <\/h3>\n            ...\n        <\/div>\n        <div class=\"ml-3\" align=\"right\">\n            <a class='wpdm-download-link download-on-click btn btn-primary ' rel='nofollow' href='#' data-downloadurl=\"https:\/\/esferasistemadigital.com.br\/visa\/download\/ficha-cadastral-profissionais-prescritores\/?wpdmdl=6261&refresh=69d00a15237f81775241749\">Download<\/a>\n        <\/div>\n    <\/div>\n\n<\/div>\n<style>\n    .well.c2a3 .btn {\n        padding: 11px 30px;\n        font-size: 11pt;\n    }\n\n    .well.c2a3 .media-body {\n        font-size: 11pt;\n    }\n\n    .well.c2a3 .wpdm_icon {\n        height: 42px;\n        width: auto;\n    }<\/style>\n<\/div><div class='col-lg-12 col-md-6 col-12'><!-- WPDM Link Template: Call to Action 3 -->\n\n<div class=\"well c2a3\">\n    <div class=\"media\">\n        <div class=\"mr-3\" align=\"left\">\n            <img decoding=\"async\" class=\"wpdm_icon\" alt=\"\u00edcone\" src=\"https:\/\/esferasistemadigital.com.br\/visa\/wp-content\/plugins\/download-manager\/assets\/file-type-icons\/doc.svg\" \/>\n        <\/div>\n        <div class=\"media-body\">\n            <h3 class=\"media-heading\" style=\"padding-top: 0px;border:0px;margin: 0 0 5px 0;font-size:12pt;\">\n                <a style=\"font-weight: 700\" href=\"https:\/\/esferasistemadigital.com.br\/visa\/download\/ficha-cadastral-instituicoes\/\">Ficha cadastral - institui\u00e7\u00f5es<\/a>\n                <span style=\"font-size:8pt;font-weight:300\" class=\"text-muted ml-4\">\n                    <i class=\"fas fa-hdd mr-1\"><\/i> 89.00 KB\n                    <i class=\"ml-3 far fa-arrow-alt-circle-down mr-1\"><\/i> 7 downloads\n                <\/span>\n            <\/h3>\n            ...\n        <\/div>\n        <div class=\"ml-3\" align=\"right\">\n            <a class='wpdm-download-link download-on-click btn btn-primary ' rel='nofollow' href='#' data-downloadurl=\"https:\/\/esferasistemadigital.com.br\/visa\/download\/ficha-cadastral-instituicoes\/?wpdmdl=6260&refresh=69d00a152451f1775241749\">Download<\/a>\n        <\/div>\n    <\/div>\n\n<\/div>\n<style>\n    .well.c2a3 .btn {\n        padding: 11px 30px;\n        font-size: 11pt;\n    }\n\n    .well.c2a3 .media-body {\n        font-size: 11pt;\n    }\n\n    .well.c2a3 .wpdm_icon {\n        height: 42px;\n        width: auto;\n    }<\/style>\n<\/div><\/div>            <div style='clear:both'><\/div><div class='text-center'><ul class='pagination wpdm-pagination pagination-centered text-center'><\/ul><\/div><div style='clear:both'><\/div>        <\/div>\n\n        <div style='clear:both'><\/div>\n    <\/div>\n<\/div>\n\t\t\t\t<\/div>\n\t\t\t\t<\/div>\n\t\t\t\t\t<\/div>\n\t\t\t\t<\/div>\n\t\t\t\t<section class=\"elementor-section elementor-top-section elementor-element elementor-element-5564eaf8 elementor-section-boxed elementor-section-height-default elementor-section-height-default wpr-particle-no wpr-jarallax-no wpr-parallax-no wpr-sticky-section-no\" data-id=\"5564eaf8\" data-element_type=\"section\" data-settings=\"{&quot;background_background&quot;:&quot;classic&quot;,&quot;_ha_eqh_enable&quot;:false}\">\n\t\t\t\t\t\t<div class=\"elementor-container elementor-column-gap-default\">\n\t\t\t\t\t<div class=\"elementor-column elementor-col-100 elementor-top-column elementor-element elementor-element-70a82797\" data-id=\"70a82797\" data-element_type=\"column\">\n\t\t\t<div class=\"elementor-widget-wrap\">\n\t\t\t\t\t\t\t<\/div>\n\t\t<\/div>\n\t\t\t\t\t<\/div>\n\t\t<\/section>\n\t\t<div class=\"elementor-element elementor-element-7251812 e-flex e-con-boxed wpr-particle-no wpr-jarallax-no wpr-parallax-no wpr-sticky-section-no e-con e-parent\" data-id=\"7251812\" data-element_type=\"container\" data-settings=\"{&quot;_ha_eqh_enable&quot;:false}\">\n\t\t\t\t\t<div class=\"e-con-inner\">\n\t\t\t\t\t<\/div>\n\t\t\t\t<\/div>\n\t\t\t\t<\/div>\n\t\t","protected":false},"excerpt":{"rendered":"<p>CADASTRO DE PRESCRITORES Perguntas Frequentes 1) Quem pode utilizar este servi\u00e7o? Profissionais m\u00e9dicos, m\u00e9dicos-veterin\u00e1rios, cirurgi\u00f5es-dentistas e institui\u00e7\u00f5es ou unidades hospitalares, devidamente inscritos no Conselho de Classe respectivos, que utilizem Notifica\u00e7\u00f5es de Receitas A, B, B2, nos termos da legisla\u00e7\u00e3o vigente. Profissionais m\u00e9dicos, devidamente inscritos no Conselho Regional de Medicina (CRM), que utilizem Receitas de Retin\u00f3ides e Talidomida, nos termos da legisla\u00e7\u00e3o vigente. 2) Quais as documenta\u00e7\u00f5es necess\u00e1rias para realizar o cadastramento? Ficha Cadastral do profissional ou institui\u00e7\u00e3o. C\u00f3pia e Original da Carteira do Conselho Regional de Medicina (CRM) ou Conselho Regional de Odontologia (CRO) ou Conselho Regional de Medicina Veterin\u00e1ria (CRMV); C\u00f3pia do Comprovante de endere\u00e7o residencial ou do consult\u00f3rio; Carimbo profissional Declara\u00e7\u00e3o de conhecimento dos riscos de talidomida (apenas TALIDOMIDA). (link) Obs. Para prescritores vinculados a unidade hospitalar ou equivalente de assist\u00eancia m\u00e9dica, anexar o comprovante de endere\u00e7o residencial do Respons\u00e1vel T\u00e9cnico (RT) e uma prova de v\u00ednculo do RT com a empresa (declara\u00e7\u00e3o\/contrato\/carteira de trabalho, etc). As c\u00f3pias dos documentos devem ser acompanhadas dos originais. 3) Posso solicitar outra pessoa realizar o cadastro em meu nome? Em caso de impedimento, o prescritor poder\u00e1 encaminhar a Ficha Cadastral preenchida com a assinatura reconhecida em cart\u00f3rio, exceto para a retirada dos talon\u00e1rios de notifica\u00e7\u00e3o de Talidomida, cujo cadastro dever\u00e1 ser realizado somente pelo profissional m\u00e9dico. 4) Onde solicito o cadastramento? Ap\u00f3s preenchida a Ficha Cadastral e apensados os demais documentos necess\u00e1rios, o prescritor ou a pessoa por ele designada, dever\u00e1 protocol\u00e1-los na sede do Setor de Vigil\u00e2ncia Sanit\u00e1ria localizada na Rua Alferes Joaquim Ant\u00f4nio, 160- 1\u00ba andar, Vila Pinto. No caso da Talidomida, somente o profissional m\u00e9dico poder\u00e1 realizar o cadastramento. 5) Qual o valor cobrado relativo ao servi\u00e7o? Gratuito 6) Toda vez que solicitar a numera\u00e7\u00e3o para confec\u00e7\u00e3o de bloco de notifica\u00e7\u00e3o de receita B, B2 e retin\u00f3ides ou solicitar os talon\u00e1rios A ou Talidomida, \u00e9 necess\u00e1rio preencher novamente a ficha cadastral? N\u00e3o. O prescritor, institui\u00e7\u00e3o ou unidade hospitalar dever\u00e1 realizar o cadastro uma \u00fanica vez no Setor de Vigil\u00e2ncia Sanit\u00e1ria. Entretanto, se houver altera\u00e7\u00e3o dos dados informados no cadastro, o mesmo dever\u00e1 comunicar formalmente a autoridade sanit\u00e1ria respons\u00e1vel e preencher nova ficha cadastral. 7) Qual o prazo para resposta? O cadastramento do prescritor, institui\u00e7\u00e3o ou unidade hospitalar \u00e9 realizado no ato da solicita\u00e7\u00e3o. 8) Posso solicitar os talon\u00e1rios e\/ou numera\u00e7\u00f5es no mesmo dia do cadastramento? Sim. Desde que apresentadas as documenta\u00e7\u00f5es necess\u00e1rias e validado o cadastro pela equipe respons\u00e1vel. Arquivos para Download Ficha cadastral &#8211; profissionais prescritores 94.00 KB 0 downloads &#8230; Download Ficha cadastral &#8211; institui\u00e7\u00f5es 89.00 KB 0 downloads &#8230; Download<\/p>\n","protected":false},"author":1,"featured_media":0,"parent":0,"menu_order":0,"comment_status":"closed","ping_status":"closed","template":"elementor_canvas","meta":{"ngg_post_thumbnail":0,"footnotes":""},"class_list":["post-6092","page","type-page","status-publish","hentry"],"_hostinger_reach_plugin_has_subscription_block":false,"_hostinger_reach_plugin_is_elementor":false,"_links":{"self":[{"href":"https:\/\/esferasistemadigital.com.br\/visa\/wp-json\/wp\/v2\/pages\/6092","targetHints":{"allow":["GET"]}}],"collection":[{"href":"https:\/\/esferasistemadigital.com.br\/visa\/wp-json\/wp\/v2\/pages"}],"about":[{"href":"https:\/\/esferasistemadigital.com.br\/visa\/wp-json\/wp\/v2\/types\/page"}],"author":[{"embeddable":true,"href":"https:\/\/esferasistemadigital.com.br\/visa\/wp-json\/wp\/v2\/users\/1"}],"replies":[{"embeddable":true,"href":"https:\/\/esferasistemadigital.com.br\/visa\/wp-json\/wp\/v2\/comments?post=6092"}],"version-history":[{"count":19,"href":"https:\/\/esferasistemadigital.com.br\/visa\/wp-json\/wp\/v2\/pages\/6092\/revisions"}],"predecessor-version":[{"id":6468,"href":"https:\/\/esferasistemadigital.com.br\/visa\/wp-json\/wp\/v2\/pages\/6092\/revisions\/6468"}],"wp:attachment":[{"href":"https:\/\/esferasistemadigital.com.br\/visa\/wp-json\/wp\/v2\/media?parent=6092"}],"curies":[{"name":"wp","href":"https:\/\/api.w.org\/{rel}","templated":true}]}}