{"id":6201,"date":"2024-01-16T20:43:03","date_gmt":"2024-01-16T23:43:03","guid":{"rendered":"https:\/\/esferasistemadigital.com.br\/visa\/?page_id=6201"},"modified":"2024-01-18T09:14:29","modified_gmt":"2024-01-18T12:14:29","slug":"produtos-irregulares","status":"publish","type":"page","link":"https:\/\/esferasistemadigital.com.br\/visa\/produtos-irregulares\/","title":{"rendered":"Produtos irregulares"},"content":{"rendered":"\t\t<div data-elementor-type=\"wp-page\" data-elementor-id=\"6201\" class=\"elementor elementor-6201\" data-elementor-settings=\"{&quot;ha_cmc_init_switcher&quot;:&quot;no&quot;}\">\n\t\t\t\t<div class=\"elementor-element elementor-element-57e7678 e-flex e-con-boxed wpr-particle-no wpr-jarallax-no wpr-parallax-no wpr-sticky-section-no e-con e-parent\" data-id=\"57e7678\" data-element_type=\"container\" data-settings=\"{&quot;_ha_eqh_enable&quot;:false}\">\n\t\t\t\t\t<div class=\"e-con-inner\">\n\t\t<div class=\"elementor-element elementor-element-4dfdaae e-flex e-con-boxed wpr-particle-no wpr-jarallax-no wpr-parallax-no wpr-sticky-section-no e-con e-child\" data-id=\"4dfdaae\" data-element_type=\"container\" data-settings=\"{&quot;_ha_eqh_enable&quot;:false}\">\n\t\t\t\t\t<div class=\"e-con-inner\">\n\t\t\t\t<div class=\"elementor-element elementor-element-1d29d77 elementor-position-inline-start elementor-mobile-position-inline-start elementor-view-default elementor-widget elementor-widget-icon-box\" data-id=\"1d29d77\" data-element_type=\"widget\" data-widget_type=\"icon-box.default\">\n\t\t\t\t<div class=\"elementor-widget-container\">\n\t\t\t\t\t\t\t<div class=\"elementor-icon-box-wrapper\">\n\n\t\t\t\t\t\t<div class=\"elementor-icon-box-icon\">\n\t\t\t\t<span  class=\"elementor-icon\">\n\t\t\t\t<svg xmlns:inkscape=\"http:\/\/www.inkscape.org\/namespaces\/inkscape\" xmlns:sodipodi=\"http:\/\/sodipodi.sourceforge.net\/DTD\/sodipodi-0.dtd\" xmlns:xlink=\"http:\/\/www.w3.org\/1999\/xlink\" xmlns=\"http:\/\/www.w3.org\/2000\/svg\" xmlns:svg=\"http:\/\/www.w3.org\/2000\/svg\" width=\"134.54237mm\" height=\"134.54239mm\" viewBox=\"0 0 134.54237 134.54239\" id=\"svg5\" xml:space=\"preserve\"><defs id=\"defs2\"><\/defs><g inkscape:label=\"Camada 1\" inkscape:groupmode=\"layer\" id=\"layer1\" transform=\"translate(-46.220338,-191.74575)\"><g id=\"g3898\"><circle style=\"fill:#efc75e;fill-opacity:1;stroke-width:1.092\" id=\"path3675\" cx=\"113.49152\" cy=\"259.01694\" r=\"67.271187\"><\/circle><image width=\"83.317238\" height=\"83.317238\" preserveAspectRatio=\"none\" xlink:href=\"data:image\/png;base64,iVBORw0KGgoAAAANSUhEUgAAAgAAAAIACAYAAAD0eNT6AAAABHNCSVQICAgIfAhkiAAAAAlwSFlzAAAL0AAAC9ABdzF0jwAAABl0RVh0U29mdHdhcmUAd3d3Lmlua3NjYXBlLm9yZ5vuPBoAACAASURBVHic7d13nF9Vnf\/x1ySZVCCF3puF3gULIArSRGkBdHdVcHfdIgEVVteGrLiuBZXVZdUVpP8oNlQUQUABG2ASpEgoUVqCgBhSgWTK74+bkTCZZGby\/dzvufee1\/PxmEd0Mvnck2+Y+b7P59xzLkjSiyYA\/wpcD8wBuoDeBn08DdwOnAlsEfOSSZJUb8cBT5D+TbpdH88BZwEjI148SZLq6INAD+nflFN8\/BDobP0llCSpXo4j3zf\/vo\/\/aflVlCSpRiaQV9t\/VR89wGtafC2lWhmRegCSkjoR2Cj1ICqgAzgt9SAkSWqX60k\/+67KxyJgbGsvp1QfdgCkvO2UegAVMgHYKvUgpHYxAEh5Wz\/1ACrG5RBlwwAg5W1U6gFUjK+HsmEAkCQpQwYASZIyZACQJClDBgBJkjJkAJAkKUMGAEmSMmQAkCQpQ+55ldSS39x2OxMnTkw9DI499hh+f++9qYch1YYBQFJLJk6cWIkAMGrkyNRDkGrFJQBJkjJkAJAkKUMGAEmSMmQAkCQpQwYASZIyZACQJClDBgBJkjJkAJAkKUMGAEmSMmQAkCQpQwYASZIyZACQJClDBgBJkjJkAJAkKUMGAEmSMjQq9QAk1dvBbzqIESPSzyWeeOKJ1EOQasUAIKkljz32WOohSFoD6WO7JElqOwOAJEkZMgBIkpQhA4AkSRkyAEiSlCEDgCRJGTIASJKUIQOAJEkZMgBIkpQhA4AkSRkyAEiSlCEDgCRJGTIASJKUIQOAJEkZMgBIkpShUakHIKneDvzEt+kct3bqYfCrr5zMgjkPph6GVBsGAEktmbzVToyeMDH1MBg1ZlzqIUi14hKAJEkZMgBIkpQhA4AkSRkyAEiSlCEDgCRJGTIASJKUIQOAJEkZMgBIkpQhA4AkSRkyAEiSlCEDgCRJGTIASJKUIQOAJEkZMgBIkpQhA4AkSRkyAEiSlCEDgCRJGTIASJKUIQOAJEkZMgBIkpQhA4AkSRkyAEiSlCEDgCRJGTIASJKUIQOAJEkZMgBIkpQhA4AkSRkyAEiSlCEDgCRJGTIASJKUIQOAJEkZMgBIkpQhA4AkSRkyAEiSlCEDgCRJGTIASJKUIQOAJEkZMgBIkpQhA4AkSRkyAEiSlCEDgCRJGTIASJKUIQOAJEkZMgBIkpQhA4AkSRkyAEiSlCEDgCRJGTIASJKUIQOAJEkZGpV6AFqlCcCmwIbAxss\/xlL8m629wtd1AQuX\/\/os8CTwxPKPJ4Hu9g25VJ3AFsAGwLr9PkYO8PUvAH8GnqJ4HZ5e\/r+fbsdgJanqDADpjQf2BnYGdgC2A3YE1g+o3Q38AbgHuG\/5r3cCs4DegPpl6AC2B\/ZY\/ut2y399GUUIaNWzwO+Beylek3uBmRgMJGXGANB+E4GDgP2A1wK7U96\/w0jg5cs\/jl7h838GfgX8ArgFuAPoKWkMgxkJ7Erxerwe2JeY8LMqkyhe99eu8LleilDwM+Dm5R8GAkmNZgBoj5cDRyz\/2I+YmWwr1gPeuvwDitb4Ncs\/rgcWl3z9TuBA4DjgKGBKydcbTAdF12VH4GSKQHAX8G3gKuCBdEOTpHIYAMqzLvA3wLuAPROPZTAbAO9e\/vEccDVwEfBT4joDI4CDgeOBI0n\/pr86HRRdiV2Bs4DfUQSBK4HZCcclSWHcBRCrg+JN7rvAXODLVP\/Nv79xwNuBnwCPAP9JcfPdmpoCnA48BFwLnES13\/wHsivF6\/AgxetyOH7vSKo5f4jFGE3Rzr4NuI5ivX100hHF2Az4CPBH4IfAPsP4s68E\/ht4FPg8sHX46NqvAzgE+BHFssCHgMlJRyRJa8gA0JqxwPsp3iCvAl6VdjilGUFx\/8JvgBuA\/VfztTtSLCHMAk6h2M7YRNsCn6H4t\/84sFba4ayRN6ceQAUdmnoAUrsYANbMCIoZ\/73AF4FN0g6nrQ6kuEv+p8BuK3x+c+DrFOvlRyYYVyoTgU9SBIEPUYTCujgj9QAq6F+AjVIPQmoHA8DwHUpxh\/hVwDaJx5LSQcB04EKKVv9DwHsY+FCeHKxH0RGYBfwdxXJBlb2Z4vyJlnSMGEnn2Go0eTrHrxNRZjzFPStS4xkAhm5j4GKKG9l2TDyWqhhBscvhFJpxz0OELYFLgJ9T3AdRVSGz\/3GT1qdjZDU2E42fEjZx\/xeKEzilRjMADG4kMI1iZveOxGNRfewPzAD+jepttw2Z\/QNssOPrIsqE2GDH1w7+RUMznuLfTWo0A8DqbQ7cSLGdL6S\/qKyMBz5HsTtkl8RjWVHY2v9W+x49+Be1yeZ7v5mRo8NuwbALoMYzAKzaMRTn5r8+9UBUe3tQhIBTUw+EwNn\/xM1fyca7vSGiVIjRE9bhZQf+XVQ5uwBqPAPAysYC3wC+Q\/0OrFF1jQXOAS6geHNJJWz2v\/PU0+joqNaPkB2OOjmyC\/Be8trho8xU67s3vY0pbt76h8TjUHOdCPyWNDeShs7+N3919Y4RGDd5w8guwFjgA1HFpKoxALzoVRRPxRvOaXfSmtge+CXQ7v55o2f\/fewCSENTtbuTU5lKsXWraoe4dANzgIeBJ4FngPkUz7TvXf414yhO21uH4qE+m1Ic4bsR1d+LviaepTh051FgHsXrMR9Ysvz3J1IE27UoXoMNlv+6NdX6730ixZbSdwDfasP1Gj\/779PXBbj\/2vMiyvV1ATwbQI3TxDeI4Xo38H+kP8DmeYqjdu+g2D42k+KNbuka1lsb2AHYGdid4jHEO1Kfrk8vxdbL31K8JncA91O86a+J0RSPZd6e4gTDfSneEMe1PNLW9FCco3Buyde5jaAAsO8HvsEWrz4iolRpnpv3JD+Y9mq6lz4fUo7i6OcnIopJVZF7ADgV+BLpXodZFE8OvAH4NUUIKNNkirbzWyhmhOuXfL3hmkdxxPBPln+U\/QO3E9iL4rU4Etip5OutzlmUdzTvm4FrIgpN3PyVHH72TZVt\/69o+gUfj+oCAJyNuwLUMDkHgI9QPOK13R6jOD73KuCeBNfvM5KiK\/AuiiWQVA+zWUrxdL2LKFria9rxiLAtcAJFV2jbNl63F\/hnik5UGbKa\/fcJ7gIsoTj6+8mIYlIVVD\/Gl2Ma7X3z76V4nO6bKdaizyDtmz8U9xf8HDgJeB3wQqJxHEVx5sL3SfvmDzAb+DTFUsGBwJVAV8nX7AVOprw3\/9i1\/30OjyjVFsE7AnxGgBonxwDwToqH17TDMornB+wMvBX4McUbb5VsAnwPGJPo+pdQvWcr9AI3AW8DtqN4cy4rIL0f+N+SakPknf\/HnV6L1v+KgncE\/CueDqgGqdd3c+uOBM6n\/KWPXoo7u3egaLHfW\/L11tRk4DrSPtVw3eVj2DLhGFZnNvBPFEsC51PctBfldMoNo9nO\/vvYBZBWLacAsBtwGeVvBbsDeA1wPMUjcquqk+I+hJQ3vvXZlGKJZO3UA1mNORQHRO0F3BxQ78PAFwLqrE7Ws\/8+dgGkgdXzO3r41geuptgvX5aFwPso3vxvK\/E6Ub4MHJR6ECvYGbic9NsxBzMTOIBi\/\/6abkk8A\/hM1IBWIfvZfx+7ANLAcggAncC3KbfFfDPFTPq\/qd4a\/0D+eflH1byZNDsz1sSlFP\/mPxrmn\/skxZa\/soXN\/nc5\/t9qO\/vvYxdAWlm9v6uH5rMUz2YvwzLgoxR3jD9a0jWi7UXxUJqq+iDFOQV1MBc4guINYSg3Cf4X8IlSR1QInf1vtvdhEaWSsgsgrazpAeAQirZ8GZ6meOP\/NPWY9UNx099VpLvjfyg6KM5JqOpNgQP5KsVjox9fzdecTXH2RDs4+x9ACV2ADaKKSSk04zt7YBtQvJGUccf\/7ygeHnRrCbXL9D8U5xBU3RSK7ZN1+u\/zNmBP4BcD\/N45tO8UOWf\/q2AXQHqpOv2AHa7zKR4CE+0GinPkHymhdpmmAn9TQt2FlHNk7\/7U71GsTwEHUxxq1Odc2vv3cPa\/GnYBpBc167v7RW+nWJuN9p3ldReVULtMG1C0qaMtAA6luCt+Tgn1z6J4eE+dPAccSxFA\/4\/i1Mne1f6JOM7+BxHcBZiAXQDVWBOfBTAJuI\/42f\/lFFu\/6rLev6KLKcYeaT5wGMVDjKA4PvcmikcRR7qFImC06000St\/3VjvHHXbm\/36nncfm+1T3kb+tCH5GwGKKg7SeiigmtVMTOwCfJv7N\/\/sUJ\/rV8c3\/9UDYlGe5+RQz\/1+v8LkHKR4u9HDwtfaneO3rppf2vvk7+x8iuwBSoWkBYC+KY1sj3UTxhLhlwXXboRP4GrGdniUU69y\/GeD3HqY4XCh6NvQ5YGJwzaZx7X8YvBdAal4A+Cyxf6f7KW6eS\/WkvFa9h+JhNlF6KY7DvX01XzMbOJrY12x9iqNzNbCw2f+kzbdr9Oy\/j10AqVkB4BDgjYH1nqG44W9Nj3tNbR0CZ4XLfYbiXojB\/Ao4Nfjap1KvswHaKe7M\/wxm\/33sAih3VT93fahGUBxws3FQvV6Kh\/nU4Uz\/VfkwxcwwyjUUHYWhrmtPpzgu9VVB1x9FcYPn9wf7wsy8maAzBiZtvh17nnQWHR1NvDd4ZZ3j1uKF+c\/wzEMzIsqNXv7rTyOKSe3QlKg\/Fdg9sN4XGP4Z71UykdgZ+IPA3zL8R+GeysAH46ypvyPto4uryNl\/C+wCKGdN+W6PPGVtBu07srUs0yhmyxF6gHdT7PkfrmXASRQ3DkYYhfcCrCh47f\/QiFK1UsK9AKdFFZPK1oQAcADF3f8RllG82dXxjv8+44id\/Z9La7P4h4i9F+GdxC311J2z\/wDBXYD3YhdANdGE7\/jIu28\/Q3HOf539DbBeUK2HiemGnMPqdw4Mx2jgX4Jq1Zmz\/yB2AZSrugeAVwKHB9V6mOIQobo7JahOL8VNfxHHHndTdFaWBtSC4qyHsClbTTn7D2QXQDmq+3f9ScQdcvMhIORs0IReB+wSVOu7xN7RfC\/F0wgjbAAcE1Srjpz9B7MLoBzVOQCMJO58+18B3wqqldJJQXV6gDODaq3os8Q9SCnq71pHcbP\/Ez6Y\/ey\/j10A5abO3\/mHAJsE1TqD+j1spr8JFGcXRLgSuCeo1oqeAr4SVOuNwBZBteokdvb\/qkMiSjWCXQDlps4BIOoBMb8CbgyqldKRwNoBdbqB\/wiosypnUzxMqFUjKB77nBtn\/yWyC6Cc1PW7fwxxN\/\/9Z1Cd1I4NqnMpxTMQyvIXil0BEaL+znXh7L9kdgGUk7oGgAOBtQLqzAZ+ElAntfEUSyIRvhxUZ3W+SsxZC68Ctg6oUxfO\/tvALoByUdefAEcE1flfhn+8bRUdRDHbaNWdFCchlu1J4o5ajvpvoeqc\/beJXQDloo4BoAN4S0CdpcCFAXWq4OCgOucH1WnntaL+7lXn7L+N7AIoB3X8KfAKYLOAOj+mWI9ugog3weeBywLqDNVPgLkBdd7Ai09iaypn\/21WQhfgA1HFpCh1DACvC6pzRVCd1LYAXh5Q57vAvIA6Q9UFXBRQZwJBb44V5uw\/geAuwMnYBVDF1PEnwb4BNV6geL59E7wmqM4PguqkuOZrg+pUUdzsf4vtnf0Pg10ANV2uAeAWYHFAnSqICAA9wE0BdYbrDmK6DlEhqIrCZv+7OPsfNrsAarK6\/TSYTEy7+7qAGlURMTucCTwdUGe4uoGfBdTZJ6BGFYXN\/idvtSOb7eXsf7jsAqjJ6hYAdgyqk2K2W4YOYOeAOpEP\/Ulx7Y2B9QPqVE3c2v9xp0NH1HOz8mIXQE1VtwCwQ0CNxcDdAXWqYCtiDkSqewCAuHBYFc7+K8IugJoqxwDwW4o70Jtgp4AavRRr8anMBp4JqNO0AODsv0LsAqiJ6hYAtg+oMT2gRlVsG1DjcWBhQJ1W3BdQ42UBNarC2X\/F2AVQE9UtAEQ8\/nVWQI2q2CqgRsSbb6si\/k2a9GhgZ\/8VZBdATVO3ALBxQI0mBYAtA2pUIQBEjGGrgBpV4Oy\/okroArw\/qpi0JuoUAMYBEwPqzA6oURUbBdRoSgDYJKBGFTj7r7DgLsA07AIooToFgIjZfw\/wVECdqlg3oMYfA2q06g8BNdal2BZZZ3Gz\/613cvZfArsAapI6BYApATX+THN2AEBMAFgQUKNV8wNqdAJrB9RJKW72P\/U0Z\/8lsQugpqhTAIj4jktx2l2ZJgXUqEIAiBpDxOuRirP\/mrALoKbILQA8F1CjKjqJ+ferQgBYQkxnZkxAjVSc\/deIXQA1QW4B4PmAGlUxOqhO6jMA+kSMI+o1aTdn\/zVjF0BNUKcAEDG7WxpQoyo6g+osCqrTqohORF0DgLP\/GrILoLqrUwCIGGtPQI2qiPop3x1Up1UR46jTf899nP3XlF0A1V0df2BKTeLsv8ZK6AI08amWqigDgJSOs\/+aswugOjMASOl46l8DBHcBTsEugNrEACClETv73\/PgiFJaA3YBVFcGACkNZ\/8NYhdAdWQAkNrvCJz9N4pdANWRAUBqv49HFXL2Xx12AVQ3BgCpvZz9N5RdANWNAUBqL2f\/DWYXQHViAJDax9l\/w9kFUJ0YAKT2cfafAbsAqgsDgNQeYbP\/KVvv7Oy\/wuwCqC4MAFJ7xM3+j3f2X3U+I0B1YACQyhc6+990jzdFlFKJgrsAawHviyom9TEASOVz9p8h7wVQ1RkApHI5+8+UXQBVnQFAKpez\/4zZBVCVGQCk8jj7z5xdAFWZAUAqj7N\/2QVQZRkApHI4+xdgF0DVZQCQyhE4+\/83Z\/81ZxdAVWQAkOIFz\/4PiiilhOwCqIoMAFI8Z\/9aiV0AVY0BQIrl7F8DKqELcGpUMeXJACDFcvavVQruApyKXQC1wAAgxXH2r9WyC6AqMQBIcZz9a1B2AVQVBgAphrN\/DYldAFWFAUCK4exfQ2YXQFVgAJBaFzf732YXZ\/8ZsAugKjAASK0Lm\/3v4uw\/G3YBlJoBQGpN6Ox\/k90PjCilGrALoNRGreb3RgAbAhsM8nXtsk1AjXWAPQPqVME6QXWq8nqMCaix\/SC\/vwB4MOA6K3L2rzW2w1En89CNl9K99PmIcqcC5wB\/jiim5hvop80OwGnAW4H12jscqVQ3AJGP1TsC+GFEoSnb7MKh\/\/UTA0CGpl\/wce6\/9ryocp8iMJSq2Ub0+9+fBu4C3o1v\/tJgnP2rZcH3ArwPf3ZriPoCQAdwKfBhYGS64Ui14dq\/QngvgFLpCwD\/Drw95UCkmnH2rzB2AZTCCGBj4KOpByLVyCEEzf7X3XY3NnHff\/aCuwAAe0QWUzONAP4BmJB6IFKNvDuq0M7Hnx5VSjUX0AVYDHwZeDlwfcig1GgjgMNSD0KqkZHAWyIKrbvtbq79669a6AIsAj4DbEWx\/v+nwGGpwUZQpEVJQ7MRMC6ikLN\/9TfMLsCKM\/4P4\/5\/DdMoYN3Ug5DaYY8tRu4y\/SNrf6uVGjfO6pp00DmLWh7Lui\/b3dm\/VtLXBVjduQCd49biZQf+7eL7rvn6VvimrxaMYuDDgKTGmTJhxAbQMbWVGpPGx5yevfNxp4XUUfOs6nTAUWMnsO0b3s6Ox5zC2InrL73vmq\/75q+WVOGIXykr46ds5Oxfq9S\/C9A5bi1ecejfs90R\/8SYtScnHp2axAAgtdmIzojHHqjJdjjqZB7+5ffY6nVH9834Uw9JDWQAkKSKGTd5Q47+6gxGdI5OPRQ1mI8DlqQK8s1fZTMASJKUIQOAJEkZKv0egLXHwDphz7ho3bIeeGphudfYcJ0RTCi5e9fTCw8\/09NynW3WyycDbryOO14lqU\/5AWAsXH4ijO8s+0pD84Wb4PIZ5V7jKyeM47g9y00A85b0MuUDz7ZcZ\/anJgaMRpJUN6VP\/+bOh6\/eWvZVhuauuXDlzNSjkCQpvbb0f6+cCTMeb8eVVu35ZXDmtUXrXJKk3LUlAPT0Fm++S5a142oDO\/dWeHReuutLklQlbbsDbO58+Nov2nW1l7L1L0nSS7X1FvArZrR\/KcDWvyRJK2trAEixFPC\/v7D1L0lSf23fBN7OpYC75hZdB0mS9FJJHgZ0xQw44OWwx2blXcPWv6QIvd1dPDXrdv78wG95\/tmn6V72fOoh0dvTNR74eupxaEDLgCeB3wI3AS+kHc6qJQkAPb3wH9eWe0CQrX9Jrejt6eahGy\/jnm9\/kefmPZl6OP2NAd6TehAa1LPA54AvAemTYz\/JzoGdU+JSgK1\/Sa1Y9twibv7cidzxjQ9V8c1f9TEJ+DRwM7Bx4rGsJOlB8GXsCrD1L6kVvT3d\/PKcf2bujBtSD0XNsTdwLbBW6oGsKGkA6FsKiNwVYOtfUivu++FXmTvzxtTDUPPsCnw29SBWlPxRcJFLAbb+JbVi2XML+f3VX0k9DDXXe4BtUg+iT\/IAADFLAbb+JbVq7owbWLp4QephqLlGAcenHkSfSgSAvqWA51pYCrD1L6lVT913W+ohqPn2Tz2APpUIAFAsBXx1DZcCbP1LiuAd\/2qDEk\/AGZ7KBAAo3sRnDnMpYGkXnHWdrX9Jret6fknqIaj5JqQeQJ9KBYC+ZwUMZyngf26FPz5T3pgkSWqikACwfuDOxuEsBUS3\/js6YL3KZDNJksoTEgDOPrJ484wylKWApV3wqeDW\/0n7wI6VO6tJkqR4IQFgv23hXXtHVCoMZSng3F\/AHwJb\/5tPgjMPjasnSVKVhd0D8KnDYet1o6otPyDolwP\/3l1z4fLpcdfq6IBzjoG1xsTVlCSpysICwPjR8KWjY5cCLp++8lLA0u5yWv9veHlcPUmSqi50F8D+JSwFnHUdvND14ufOvdXWvyRJrRoVXfBTh8PND8VtzXt0XrEr4H0HwN1P2PqXVHH77Aabbph6FCrDvAXws1+nHkWY8ADQtxRw9PnQG9Sm\/3\/T4bVbw9k32fqXVHG7bg977px6FCrDI3MaFQBKOQiojKWAU74T2\/rfYrKtf0lSvko7CTB6V0BXT1ytjo6iS2HrX5KUq9ICQBm7AqLY+pck5a7UZwFELwVE8K5\/SZLa8DCg6KWAVnjXvyRJhdIDQJWWAmz9S5JUaMvjgKuwFGDrX5KkF4WfA7Aq0QcEDUcTW\/+Tx3fQ+7XJqYchSaqptnQAIO1SgK1\/SZJeqm0BANIsBdj6lyRpZW0NANDeXQFNbP1LkhSh7QGgnUsBtv4lSRpY2wMAtGcpwNa\/JEmrliQAQLlLAbb+JUlavWQBoMylAFv\/kiStXtvOARhI31LAhbfF1bT1Lymp390Hf\/5L6lGoDPMWpB5BqKQBAGIPCLL1Lym52+5MPQJpSJItAfSJXAqw9S9J0tAkDwAQsyvA1r8kSUNXiQAAre0KsPUvSdLwVCYAjB8N506FMWtwV8K0\/Wz9S5I0HJUJAACv3gq+ciyMHMaojt4FzrD1LylAb0936iGo+UamHkCfSgUAgKm7wbX\/NPhyQOdI+NCB8H8nwIgETxiU1CwL5s7m6Vm3px6Gmm9L4ODUg4AKbAMcyF5bwC9Ohe\/fDVfdCbOehCcXwjpjYMspcPgO8Ld7waYTU49UUlPMuPhMerqXpR6G8vAlYFegK+UgKhkAAMZ1wtv2KD4AunuGtzQgSUP1p7tvZe6MG1IPQ\/nYAfgH4GspB1Gbt1Tf\/CWVobenmxkXnpF6GMrPJ4FJKQfg26qkrD14\/UU8+9is1MNQftYHPpZyAAYASdlaung+d3\/rC6mHoXxNA16R6uIGAEnZuvtbX+CFhT64R8mMBj6f6uIGAElZWjDnIR687sLUw5DeSqJtgQYASVly258q5Esk2JVnAJCUnT\/dfStzZ96YehhSn75tgW1V2XMAJKkMvd1dTL8g8ObrTTaEXbaLq6f0\/vgY3P+Hdl\/1k8AVwLPtuqABQFJWHrz+IuY\/\/kBcwWknwk7JbuRWtO4eOOUTKa7cty3w9HZd0CUASdlYung+d3\/7i3EF99vbN\/+mueZGeHRuqqu3dVugAUBSNu6+6uy4bX+jO+HEY2NqqRoWLoYrr0k5grZuCzQASMrCgjkP8eD1F8UVPPoQ2GC9uHpK77KrYeGi1KNo27ZAA4CkLMy4+BNx2\/4mrQPHHBpTS9Xw2BNw3c2pR9GnLdsCDQCSGu9Pd9\/C3Jk3xRU88TgYPy6untI7\/wro6k49ij5t2RZoAJDUaL3dXcy4MPCu7m22gDe+Jq6e0rvjdzD9ntSj6O8\/gSllXsAAIKnRwp\/29563Q0dHXD2l1dUN51+VehQDmQJ8pMwLGAAkNdbSRc9y97cDn\/a3396wo9v+GuXHP4M5f4qp1dERfSjUNODlkQVXZACQ1FjF0\/7mxRQbPdptf02zcDFc8cO4eq\/ZHf7+BJi4dlTF0cDZUcX6MwBIaqTwbX\/HuO2vcS79Xty2vzGj4ciDYewYeMtBMTULpW0LNABIaqTQbX9TJsGxh8XUUjVEb\/s79PXF9lCAffeCLTeNq13StkADgKTGCd\/2965ji5mdmuO8K4pz\/yNMnggH7fvi\/+\/ogKmhgbGUbYEGAEmNEr7tb9st4Q1u+2uU238HMwK3\/U09rDgaekWv2AZ23zHuGiVsCzQASGqUB66\/MG7bX0cH\/OPb3PbXJF3d8M3AbX\/bbAF77jzw7009DDrDOvfh2wINAJIaY+ni+dwT\/bQ\/t\/01yzU3xm77O+GIVQfE9abAG18Xc61C6NMCDQCSGuOuqz4fu+3vXW77a5SFi+GqwKf9vWZ32Gqz1X\/N4QdEbwsMe1qgAUBSIyyY8xAPXX9xXMFjDoUN1o2rp\/Qu\/V4RAiL0bfsbzNgx8NZqbgs0AEhqhNBtf+tOhmN92l+jPDa3vG1\/g3ldNbcFGgAk1d7cmTe67U+rd96V5W37G8xg9woMX8i2QAOApFrr7e5i5qVnxRXcdks44NVx9ZTebXcGb\/s7fOVtf4PZdkvYbYe4MQRsCzQASKq1B66\/kPmP3R9TrKPDp\/01TVcXXBC97W+nNfuzUw+v1LZAA4Ck2grf7nMa7gAADANJREFU9rf\/3rBDaQ9fUwo\/vBHmPBlTq9VW\/nqTK7Ut0AAgqbbuuvJzsdv+3um2v0ZZuBi+9aO4ekPZ9jeYCm0LNABIqqUFcx7koZ9eElfQbX\/Nc8l327\/tbzAV2hZoAJBUS9MvctufVuOxuXD9LXH1hrPtbzAV2RZoAJBUO3Nn3sgTd\/4srqDb\/prnGyU+7a9VFdkWaACQVCvh2\/5e5ra\/xrltJsy8N67emmz7G0wFtgUaACTVygPXXRC77e8f3fbXKF1dcMG34uq1su1vMIm3BRoAJNXG0sXzuec7X4or+Pp93PbXNFXa9jeYxNsCDQCSaiN82987jomppWqYvxCubPPT\/lqVcFugAUBSLYRv+zvWbX+Nc+n3YPGSmFpR2\/4Gk3BboAFAUi2Eb\/s7xm1\/jfLYXPjprXH1Irf9DSbRtkADgKTKmzvjhthtfydOddtf01R5299gEm0LNABIqrTe7i5mXvapuIKv3Ka4+U\/N8ZsabPsbzLZbwu47RlYcdFugAUBSpd3\/k+Btf+8+3m1\/TdLVBRfWZNvfYI49rK3bAg0Akipr6eL53PvdwG1\/B7zabX9N84Mb6rPtbzBt3hZoAJBUWXdd8Vm3\/WnV5i+EqyK3\/e1R\/ra\/wbRxW6ABQFIlLZjzIA\/dcGlcwamHwfrDOilVVXfp92DxczG1xoyGI98UU6sVbdwWaACQVEnh2\/6OPiSmlqrh0eBtf4cd0L5tf4Np07ZAA4Ckygnf9nfScW77a5pvXB677e\/A0LX31rRpW6ABQFKllLLtb\/+94+opvV\/PgDt\/H1cvxba\/wbRhW2DYfgNJihD6tD+ARUvgjC\/G1VN6f3w8rlZHB9x6O\/zijriaURYujqw2BfgocFrfJwwAkipj6aJnY5\/2BzDnT8WHNJDeXpg1O\/Uo2uVk4OvAA+ASgKQKCX3an6T+XrIt0AAgqRLCt\/1JGshftwUaACRVwoyLz4zb9idpdT4PjDAASEruL7N\/x9yZN6UehpSLXYC3GgAkJffIr3+QeghSbt5uAJCU3PzHH0g9BCk3+xgAJCW35OnAfd2ShmJjA4Ck5LqWBj3QRdJQjTYASJKUIQOAJEkZMgBIkpQhA4AkSRkyAEiSlCEDgCRJGTIASJKUoVGpByBJIaa9CzbdKPUoVIa774fLrm6txlabwQlviRlPai+8AOd8s+UyBgBJzbD3brD9y1KPQlU1aR3Yd6\/Uo4ixaElIGZcAJEnKkAFAkqQMGQAkScqQAUCSpAwZACRJypABQJKkDBkAJEnKkAFAkqQMGQAkScqQAUCSpAwZACRJypABQJKkDBkAJEnKkAFAkqQMGQAkScqQAUCSpAwZACRJypABQJKkDBkAJEnKkAFAkqQMGQAkScqQAUCSpAwZACRJypABQJKkDBkAJEnKkAFAkqQMGQAkScqQAUCSpAwZACRJypABQJKkDBkAJEnKkAFAkqQMGQAkScqQAUCSpAwZACRJypABQJKkDBkAJEnKkAFAkqQMGQAkScqQAUCSpAwZACRJypABQJKkDBkAJEnKkAFAkqQMGQAkScqQAUCSpAwZACRJypABQJKkDBkAJEnKkAFAkqQMGQAkScqQAUCSpAwZACRJypABQJKkDBkAJEnKkAFAkqQMGQAkScqQAUCSpAwZACRJypABQJKkDBkAJEnKkAFAkqQMGQAkScqQAUCSpAwZACRJypABQJKkDBkAJEnKkAFAkqQMGQAkScqQAUCSpAwZACRJypABQJKkDBkAJEnKkAFAkqQMGQAkScqQAUCSpAwZACRJypABQJKkDBkAJEnKkAFAkqQMGQAkScqQAUCSpAwZACRJypABQJKkDBkAJEnKkAFAkqQMGQAkScqQAUCSpAwZACRJypABQJKkDBkAJEnKkAFAkqQMGQAkScqQAUCSpAwZACRJypABQJKkDBkAJEnKkAFAkqQMGQAkScqQAUCSpAwZACRJytCo1ANYlUUvwPfvge\/+Du5\/Cp5cCBPHwhaT4ZDt4PjdYet1U49SkqR6qmQAuH4WfOBqmDv\/pZ\/\/y5Li48458IWfwXv3g38\/CMZU8m8hSVJ1VW4J4Ku\/hLddtPKbf39dPfDfN8NR58GSpe0ZmyRJTVGpAHDZdPjYj4b3Z257BP7+cujtLWdMkiQ1UWUCwKPz4MM\/XLM38utmwTdvix+TJElNVYkA0NsL7\/tecePfmvrEtfDHZ+LGJElSk1UiAJz\/G\/j5g63VWLIU3vddlwIkSRqK5AHg0Xnwyetiat36B7jApQBJkgaVNAD09sL7W2z993eGSwGSJA0qaQD45m3wsxZb\/\/25FCBJ0uCSBYBH58F\/\/KSc2rf+AS68vZzakiQ1QZIAUEbrv7+P\/9ilAEmSViVJALighNZ\/f0uWFiHDpQBJklbW9gDw2LNwZkmt\/\/5ume1SgCRJA2lrAOjtLW7QK7P1359LAZIkraytAaAdrf\/+XAqQJGllbQsA7Wz993fLbLjIpQBJkv6qLQEgReu\/v4\/9GB7+S7rrS5JUJW0JABfe3v7Wf38eECRJ0otKDwCPPVs8qa8KXAqQJKlQagBox4E\/w+VSgCRJJQeAC2+Hmx4o8wrD51KAJEklBoAqtf77u2U2XHxH6lFIkpROKQGgtxdODb7rf90JcbUAzvgxPP5sbE1JkuqilABw0e3w88C7\/sd1wnlvh322jKu58AU4+dsuBUiS8hQeAB57Fs4Ibv2f8nrYfBJ89GAYPzqurksBkqRchQaAMu7632sLmLpb8b83mQjT9o+rDS4FSJLyFBoALr4j9q7\/cZ3wsYOhY4XPTd0tfilgmksBkqTMhAWAJxbAmSW0\/jeb9NLPdRC\/FHDzbLjkt3H1JEmqurAAcMp3YP7zUdVgz81fbP33t8lEOHm\/uGsBfPxHLgVIkvIREgAuuh1ujG79H\/LS1n9\/x+1ezlIALgVIkjIQEgA+c0NElRdN27+46391OoCPHAzjO+Oue\/Ns+M0jcfUkSaqqkADwQldElcKemxez+6HYdCKcHLwrIPLvIklSVbXlccBDNXYIrf\/+opcCJEnKQaUCwClDaP33V8auAEmSmq4yAWA4rf\/+ytgVIElSk1UiAKxJ678\/lwIkSRq6SgSANWn99\/fXpYDAXQGSJDVV8gCw66arPvBnuDYpYVeAJElNlDQAjO2EMw+DEa30\/vs5bnfY26UASZJWK2kAiGj999dB8QAhlwIkSVq1ZAEgsvXfn0sBkiStXpIAUEbrv7+pu8Eem5dXX5KkOksSAMpo\/fc3ogPOPNSlAEmSBtL2AFBm67+\/TSbCez0gSJKklbQ1ALSj9d\/fcbu7FCBJUn9tDQDT9iu\/9d+fSwGSJK2sbQFg103X\/Kz\/VrkUIEnSS7UlAKRo\/ffnUoAkSS9qSwBI0frvz6UASZJeNKrsC+ywERy6PSx4vuwrDW6tMfDOveFrvyz3OouXwrwlveVeRMPWORLWGpOwDbVcb08PSxfPTz2MMKPHrwMd6V9XljwHCxalHoXK8NwLrdfo6oZFS1qvUwWLY\/4eHYDvVMrCQdt38tNT12qpxvRHu9nr0wuCRtQMUy+YxegJE1uq8YNpr2bRk48EjUjSUCR\/GqAkSWo\/A4AkSRkyAEiSlCEDgCRJGTIASJKUIQOAJEkZMgBIkpShUUAXbTgQSErtkWe6HwLOa6XGw8\/0bAycGjOiZthjybU3rN25zrJV\/f48NnxiVueeD6yuxrIlC04H1gsfnKRV6eoA5gCbpB6J1AY3AG9qscZGwBMBY2mSKcC8FmvcCuwbMBZJQ\/P4COCe1KOQauQp4OnUg2ggfw5J7XXPCODq1KOQaqQH+EHqQTTQ91MPQMrM1SOAC4HHEw9EqpPPU9w7ozjXAdNTD0LKxFzgkhHAc8D78KFA0lDdD3w29SAaphd4LxDw2DdJq9EL\/CuwpG8b4HeAD2IIkIbqDOCy1INomNuAdwFLUw9Eaqhe4HSWL7mteA7A2cCxFK0BSavXA7yDIjj7EPo4VwIHUnRZJMWZAxwDfLHvEx0DfNF44J3AUcBOwIZ4ToCaIWIb4EA2Ak4CjgC2pfieyUnENsD+OoETKH5g7UnxGo8OvobUZF3Ak8DdFDf7XwIsWfEL\/j9Cf4Ms9V3eDAAAAABJRU5ErkJggg==\" id=\"image3892\" x=\"71.832901\" y=\"217.35832\"><\/image><\/g><\/g><\/svg>\t\t\t\t<\/span>\n\t\t\t<\/div>\n\t\t\t\n\t\t\t\t\t\t<div class=\"elementor-icon-box-content\">\n\n\t\t\t\t\t\t\t\t\t<h3 class=\"elementor-icon-box-title\">\n\t\t\t\t\t\t<span  >\n\t\t\t\t\t\t\tProdutos irregulares\t\t\t\t\t\t<\/span>\n\t\t\t\t\t<\/h3>\n\t\t\t\t\n\t\t\t\t\n\t\t\t<\/div>\n\t\t\t\n\t\t<\/div>\n\t\t\t\t\t\t<\/div>\n\t\t\t\t<\/div>\n\t\t\t\t\t<\/div>\n\t\t\t\t<\/div>\n\t\t\t\t\t<\/div>\n\t\t\t\t<\/div>\n\t\t<div class=\"elementor-element elementor-element-1c82dd2 e-flex e-con-boxed wpr-particle-no wpr-jarallax-no wpr-parallax-no wpr-sticky-section-no e-con e-parent\" data-id=\"1c82dd2\" data-element_type=\"container\" data-settings=\"{&quot;_ha_eqh_enable&quot;:false}\">\n\t\t\t\t\t<div class=\"e-con-inner\">\n\t\t<div class=\"elementor-element elementor-element-a069ffc e-flex e-con-boxed wpr-particle-no wpr-jarallax-no wpr-parallax-no wpr-sticky-section-no e-con e-child\" data-id=\"a069ffc\" data-element_type=\"container\" data-settings=\"{&quot;_ha_eqh_enable&quot;:false}\">\n\t\t\t\t\t<div class=\"e-con-inner\">\n\t\t\t\t<div class=\"elementor-element elementor-element-614f32d elementor-widget elementor-widget-text-editor\" data-id=\"614f32d\" data-element_type=\"widget\" data-widget_type=\"text-editor.default\">\n\t\t\t\t<div class=\"elementor-widget-container\">\n\t\t\t\t\t\t\t\t\t<p>\u00c9 um servi\u00e7o que possibilita consultar a rela\u00e7\u00e3o de produtos irregulares identificados pela Anvisa.<\/p><p>Exemplos de produtos irregulares: produtos sem registro ou falsificados, fabricados por empresas clandestinas, produtos vendidos a empresas sem autoriza\u00e7\u00e3o de funcionamento, entre outros.<\/p><p>Consulte aqui as publica\u00e7\u00f5es da Anvisa referente aos produtos irregulares incluindo as a\u00e7\u00f5es de ficaliza\u00e7\u00e3o desencadeadas e a atualiza\u00e7\u00e3o das medidas cautelares aplicadas.<\/p>\t\t\t\t\t\t\t\t<\/div>\n\t\t\t\t<\/div>\n\t\t\t\t\t<\/div>\n\t\t\t\t<\/div>\n\t\t\t\t\t<\/div>\n\t\t\t\t<\/div>\n\t\t<div class=\"elementor-element elementor-element-47aada79 e-flex e-con-boxed wpr-particle-no wpr-jarallax-no wpr-parallax-no wpr-sticky-section-no e-con e-parent\" data-id=\"47aada79\" data-element_type=\"container\" data-settings=\"{&quot;_ha_eqh_enable&quot;:false}\">\n\t\t\t\t\t<div class=\"e-con-inner\">\n\t\t<div class=\"elementor-element elementor-element-6ced43d0 e-flex e-con-boxed wpr-particle-no wpr-jarallax-no wpr-parallax-no wpr-sticky-section-no e-con e-child\" data-id=\"6ced43d0\" data-element_type=\"container\" data-settings=\"{&quot;_ha_eqh_enable&quot;:false}\">\n\t\t\t\t\t<div class=\"e-con-inner\">\n\t\t\t\t<div class=\"elementor-element elementor-element-4fbc762 elementor-widget elementor-widget-heading\" data-id=\"4fbc762\" data-element_type=\"widget\" data-widget_type=\"heading.default\">\n\t\t\t\t<div class=\"elementor-widget-container\">\n\t\t\t\t\t<h3 class=\"elementor-heading-title elementor-size-default\"><a href=\"https:\/\/consultas.anvisa.gov.br\/#\/dossie\/c\/?tipoAssunto=1\" target=\"_blank\">Confira aqui as publica\u00e7\u00f5es da ANVISA!<\/a><\/h3>\t\t\t\t<\/div>\n\t\t\t\t<\/div>\n\t\t\t\t\t<\/div>\n\t\t\t\t<\/div>\n\t\t\t\t\t<\/div>\n\t\t\t\t<\/div>\n\t\t<div class=\"elementor-element elementor-element-1d3a0d2 e-flex e-con-boxed wpr-particle-no wpr-jarallax-no wpr-parallax-no wpr-sticky-section-no e-con e-parent\" data-id=\"1d3a0d2\" data-element_type=\"container\" data-settings=\"{&quot;_ha_eqh_enable&quot;:false}\">\n\t\t\t\t\t<div class=\"e-con-inner\">\n\t\t<div class=\"elementor-element elementor-element-b7b9bd5 e-flex e-con-boxed wpr-particle-no wpr-jarallax-no wpr-parallax-no wpr-sticky-section-no e-con e-child\" data-id=\"b7b9bd5\" data-element_type=\"container\" data-settings=\"{&quot;_ha_eqh_enable&quot;:false}\">\n\t\t\t\t\t<div class=\"e-con-inner\">\n\t\t\t\t<div class=\"elementor-element elementor-element-0d0d9d4 elementor-widget elementor-widget-heading\" data-id=\"0d0d9d4\" data-element_type=\"widget\" data-widget_type=\"heading.default\">\n\t\t\t\t<div class=\"elementor-widget-container\">\n\t\t\t\t\t<h3 class=\"elementor-heading-title elementor-size-default\"><a href=\"https:\/\/saude.mg.gov.br\/ngc\" target=\"_blank\">Consulte aqui as publica\u00e7\u00f5es da Ger\u00eancia Colegiada - SES\/MG<\/a><\/h3>\t\t\t\t<\/div>\n\t\t\t\t<\/div>\n\t\t\t\t\t<\/div>\n\t\t\t\t<\/div>\n\t\t\t\t\t<\/div>\n\t\t\t\t<\/div>\n\t\t<div class=\"elementor-element elementor-element-7251812 e-flex e-con-boxed wpr-particle-no wpr-jarallax-no wpr-parallax-no wpr-sticky-section-no e-con e-parent\" data-id=\"7251812\" data-element_type=\"container\" data-settings=\"{&quot;_ha_eqh_enable&quot;:false}\">\n\t\t\t\t\t<div class=\"e-con-inner\">\n\t\t\t\t\t<\/div>\n\t\t\t\t<\/div>\n\t\t\t\t<\/div>\n\t\t","protected":false},"excerpt":{"rendered":"<p>Produtos irregulares \u00c9 um servi\u00e7o que possibilita consultar a rela\u00e7\u00e3o de produtos irregulares identificados pela Anvisa. Exemplos de produtos irregulares: produtos sem registro ou falsificados, fabricados por empresas clandestinas, produtos vendidos a empresas sem autoriza\u00e7\u00e3o de funcionamento, entre outros. Consulte aqui as publica\u00e7\u00f5es da Anvisa referente aos produtos irregulares incluindo as a\u00e7\u00f5es de ficaliza\u00e7\u00e3o desencadeadas e a atualiza\u00e7\u00e3o das medidas cautelares aplicadas. Confira aqui as publica\u00e7\u00f5es da ANVISA! Consulte aqui as publica\u00e7\u00f5es da Ger\u00eancia Colegiada &#8211; SES\/MG<\/p>\n","protected":false},"author":1,"featured_media":0,"parent":0,"menu_order":0,"comment_status":"closed","ping_status":"closed","template":"elementor_canvas","meta":{"ngg_post_thumbnail":0,"footnotes":""},"class_list":["post-6201","page","type-page","status-publish","hentry"],"_hostinger_reach_plugin_has_subscription_block":false,"_hostinger_reach_plugin_is_elementor":false,"_links":{"self":[{"href":"https:\/\/esferasistemadigital.com.br\/visa\/wp-json\/wp\/v2\/pages\/6201","targetHints":{"allow":["GET"]}}],"collection":[{"href":"https:\/\/esferasistemadigital.com.br\/visa\/wp-json\/wp\/v2\/pages"}],"about":[{"href":"https:\/\/esferasistemadigital.com.br\/visa\/wp-json\/wp\/v2\/types\/page"}],"author":[{"embeddable":true,"href":"https:\/\/esferasistemadigital.com.br\/visa\/wp-json\/wp\/v2\/users\/1"}],"replies":[{"embeddable":true,"href":"https:\/\/esferasistemadigital.com.br\/visa\/wp-json\/wp\/v2\/comments?post=6201"}],"version-history":[{"count":13,"href":"https:\/\/esferasistemadigital.com.br\/visa\/wp-json\/wp\/v2\/pages\/6201\/revisions"}],"predecessor-version":[{"id":6570,"href":"https:\/\/esferasistemadigital.com.br\/visa\/wp-json\/wp\/v2\/pages\/6201\/revisions\/6570"}],"wp:attachment":[{"href":"https:\/\/esferasistemadigital.com.br\/visa\/wp-json\/wp\/v2\/media?parent=6201"}],"curies":[{"name":"wp","href":"https:\/\/api.w.org\/{rel}","templated":true}]}}