{"id":6629,"date":"2024-01-18T13:32:40","date_gmt":"2024-01-18T16:32:40","guid":{"rendered":"https:\/\/esferasistemadigital.com.br\/visa\/?page_id=6629"},"modified":"2025-07-02T11:09:50","modified_gmt":"2025-07-02T14:09:50","slug":"renovacao","status":"publish","type":"page","link":"https:\/\/esferasistemadigital.com.br\/visa\/renovacao\/","title":{"rendered":"ENCERRAMENTO DE ATIVIDADE"},"content":{"rendered":"\t\t<div data-elementor-type=\"wp-page\" data-elementor-id=\"6629\" class=\"elementor elementor-6629\" data-elementor-settings=\"{&quot;ha_cmc_init_switcher&quot;:&quot;no&quot;}\">\n\t\t\t\t<div class=\"elementor-element elementor-element-57e7678 e-flex e-con-boxed wpr-particle-no wpr-jarallax-no wpr-parallax-no wpr-sticky-section-no e-con e-parent\" data-id=\"57e7678\" data-element_type=\"container\" data-settings=\"{&quot;_ha_eqh_enable&quot;:false}\">\n\t\t\t\t\t<div class=\"e-con-inner\">\n\t\t<div class=\"elementor-element elementor-element-4dfdaae e-flex e-con-boxed wpr-particle-no wpr-jarallax-no wpr-parallax-no wpr-sticky-section-no e-con e-child\" data-id=\"4dfdaae\" data-element_type=\"container\" data-settings=\"{&quot;_ha_eqh_enable&quot;:false}\">\n\t\t\t\t\t<div class=\"e-con-inner\">\n\t\t\t\t<div class=\"elementor-element elementor-element-1d29d77 elementor-position-inline-start elementor-mobile-position-inline-start elementor-view-stacked elementor-shape-circle elementor-widget elementor-widget-icon-box\" data-id=\"1d29d77\" data-element_type=\"widget\" data-widget_type=\"icon-box.default\">\n\t\t\t\t<div class=\"elementor-widget-container\">\n\t\t\t\t\t\t\t<div class=\"elementor-icon-box-wrapper\">\n\n\t\t\t\t\t\t<div class=\"elementor-icon-box-icon\">\n\t\t\t\t<span  class=\"elementor-icon\">\n\t\t\t\t<svg aria-hidden=\"true\" class=\"e-font-icon-svg e-fas-tasks\" viewBox=\"0 0 512 512\" xmlns=\"http:\/\/www.w3.org\/2000\/svg\"><path d=\"M139.61 35.5a12 12 0 0 0-17 0L58.93 98.81l-22.7-22.12a12 12 0 0 0-17 0L3.53 92.41a12 12 0 0 0 0 17l47.59 47.4a12.78 12.78 0 0 0 17.61 0l15.59-15.62L156.52 69a12.09 12.09 0 0 0 .09-17zm0 159.19a12 12 0 0 0-17 0l-63.68 63.72-22.7-22.1a12 12 0 0 0-17 0L3.53 252a12 12 0 0 0 0 17L51 316.5a12.77 12.77 0 0 0 17.6 0l15.7-15.69 72.2-72.22a12 12 0 0 0 .09-16.9zM64 368c-26.49 0-48.59 21.5-48.59 48S37.53 464 64 464a48 48 0 0 0 0-96zm432 16H208a16 16 0 0 0-16 16v32a16 16 0 0 0 16 16h288a16 16 0 0 0 16-16v-32a16 16 0 0 0-16-16zm0-320H208a16 16 0 0 0-16 16v32a16 16 0 0 0 16 16h288a16 16 0 0 0 16-16V80a16 16 0 0 0-16-16zm0 160H208a16 16 0 0 0-16 16v32a16 16 0 0 0 16 16h288a16 16 0 0 0 16-16v-32a16 16 0 0 0-16-16z\"><\/path><\/svg>\t\t\t\t<\/span>\n\t\t\t<\/div>\n\t\t\t\n\t\t\t\t\t\t<div class=\"elementor-icon-box-content\">\n\n\t\t\t\t\t\t\t\t\t<h3 class=\"elementor-icon-box-title\">\n\t\t\t\t\t\t<span  >\n\t\t\t\t\t\t\tCOMUNICA\u00c7\u00c3O DE ENCERRAMENTO DE ATIVIDADE\t\t\t\t\t\t<\/span>\n\t\t\t\t\t<\/h3>\n\t\t\t\t\n\t\t\t\t\n\t\t\t<\/div>\n\t\t\t\n\t\t<\/div>\n\t\t\t\t\t\t<\/div>\n\t\t\t\t<\/div>\n\t\t\t\t\t<\/div>\n\t\t\t\t<\/div>\n\t\t\t\t\t<\/div>\n\t\t\t\t<\/div>\n\t\t<div class=\"elementor-element elementor-element-cfcd83f e-flex e-con-boxed wpr-particle-no wpr-jarallax-no wpr-parallax-no wpr-sticky-section-no e-con e-parent\" data-id=\"cfcd83f\" data-element_type=\"container\" data-settings=\"{&quot;_ha_eqh_enable&quot;:false}\">\n\t\t\t\t\t<div class=\"e-con-inner\">\n\t\t\t\t<div class=\"elementor-element elementor-element-207630a elementor-widget elementor-widget-button\" data-id=\"207630a\" data-element_type=\"widget\" data-widget_type=\"button.default\">\n\t\t\t\t<div class=\"elementor-widget-container\">\n\t\t\t\t\t\t\t\t\t<div class=\"elementor-button-wrapper\">\n\t\t\t\t\t<a class=\"elementor-button elementor-button-link elementor-size-xs\" href=\"https:\/\/esferasistemadigital.com.br\/visa\/index.php\/alvara-sanitario\/\">\n\t\t\t\t\t\t<span class=\"elementor-button-content-wrapper\">\n\t\t\t\t\t\t<span class=\"elementor-button-icon\">\n\t\t\t\t<svg aria-hidden=\"true\" class=\"e-font-icon-svg e-fas-angle-double-left\" viewBox=\"0 0 448 512\" xmlns=\"http:\/\/www.w3.org\/2000\/svg\"><path d=\"M223.7 239l136-136c9.4-9.4 24.6-9.4 33.9 0l22.6 22.6c9.4 9.4 9.4 24.6 0 33.9L319.9 256l96.4 96.4c9.4 9.4 9.4 24.6 0 33.9L393.7 409c-9.4 9.4-24.6 9.4-33.9 0l-136-136c-9.5-9.4-9.5-24.6-.1-34zm-192 34l136 136c9.4 9.4 24.6 9.4 33.9 0l22.6-22.6c9.4-9.4 9.4-24.6 0-33.9L127.9 256l96.4-96.4c9.4-9.4 9.4-24.6 0-33.9L201.7 103c-9.4-9.4-24.6-9.4-33.9 0l-136 136c-9.5 9.4-9.5 24.6-.1 34z\"><\/path><\/svg>\t\t\t<\/span>\n\t\t\t\t\t\t\t\t\t<span class=\"elementor-button-text\">voltar<\/span>\n\t\t\t\t\t<\/span>\n\t\t\t\t\t<\/a>\n\t\t\t\t<\/div>\n\t\t\t\t\t\t\t\t<\/div>\n\t\t\t\t<\/div>\n\t\t\t\t\t<\/div>\n\t\t\t\t<\/div>\n\t\t<div class=\"elementor-element elementor-element-d68f15e e-flex e-con-boxed wpr-particle-no wpr-jarallax-no wpr-parallax-no wpr-sticky-section-no e-con e-parent\" data-id=\"d68f15e\" data-element_type=\"container\" data-settings=\"{&quot;_ha_eqh_enable&quot;:false}\">\n\t\t\t\t\t<div class=\"e-con-inner\">\n\t\t\t\t<div class=\"elementor-element elementor-element-fdf7180 elementor-widget elementor-widget-text-editor\" data-id=\"fdf7180\" data-element_type=\"widget\" data-widget_type=\"text-editor.default\">\n\t\t\t\t<div class=\"elementor-widget-container\">\n\t\t\t\t\t\t\t\t\t<p><span style=\"font-weight: 400;\">Todo estabelecimento deve comunicar formalmente ao \u00f3rg\u00e3o que emitiu o respectivo Alvar\u00e1 Sanit\u00e1rio qualquer altera\u00e7\u00e3o cadastral da empresa. Deve ser comunicado o encerramento de atividade sujeita ao controle sanit\u00e1rio por motivo de fechamento da empresa, ou encerramento de servi\u00e7o sob Vigil\u00e2ncia Sanit\u00e1ria.<\/span><\/p>\t\t\t\t\t\t\t\t<\/div>\n\t\t\t\t<\/div>\n\t\t\t\t\t<\/div>\n\t\t\t\t<\/div>\n\t\t<div class=\"elementor-element elementor-element-5ce3052 e-flex e-con-boxed wpr-particle-no wpr-jarallax-no wpr-parallax-no wpr-sticky-section-no e-con e-parent\" data-id=\"5ce3052\" data-element_type=\"container\" data-settings=\"{&quot;_ha_eqh_enable&quot;:false}\">\n\t\t\t\t\t<div class=\"e-con-inner\">\n\t\t<div class=\"elementor-element elementor-element-14d75b5 e-con-full e-flex wpr-particle-no wpr-jarallax-no wpr-parallax-no wpr-sticky-section-no e-con e-child\" data-id=\"14d75b5\" data-element_type=\"container\" data-settings=\"{&quot;_ha_eqh_enable&quot;:false}\">\n\t\t\t\t<div class=\"elementor-element elementor-element-f4261f4 elementor-widget elementor-widget-heading\" data-id=\"f4261f4\" data-element_type=\"widget\" data-widget_type=\"heading.default\">\n\t\t\t\t<div class=\"elementor-widget-container\">\n\t\t\t\t\t<h3 class=\"elementor-heading-title elementor-size-default\">Informa\u00e7\u00f5es Complementares<\/h3>\t\t\t\t<\/div>\n\t\t\t\t<\/div>\n\t\t\t\t<\/div>\n\t\t\t\t\t<\/div>\n\t\t\t\t<\/div>\n\t\t<div class=\"elementor-element elementor-element-7c76941 e-flex e-con-boxed wpr-particle-no wpr-jarallax-no wpr-parallax-no wpr-sticky-section-no e-con e-parent\" data-id=\"7c76941\" data-element_type=\"container\" data-settings=\"{&quot;_ha_eqh_enable&quot;:false}\">\n\t\t\t\t\t<div class=\"e-con-inner\">\n\t\t<div class=\"elementor-element elementor-element-619dc71 e-con-full e-flex wpr-particle-no wpr-jarallax-no wpr-parallax-no wpr-sticky-section-no e-con e-child\" data-id=\"619dc71\" data-element_type=\"container\" data-settings=\"{&quot;_ha_eqh_enable&quot;:false}\">\n\t\t\t\t<div class=\"elementor-element elementor-element-3e462c8 elementor-widget elementor-widget-toggle\" data-id=\"3e462c8\" data-element_type=\"widget\" data-widget_type=\"toggle.default\">\n\t\t\t\t<div class=\"elementor-widget-container\">\n\t\t\t\t\t\t\t<div class=\"elementor-toggle\">\n\t\t\t\t\t\t\t<div class=\"elementor-toggle-item\">\n\t\t\t\t\t<div id=\"elementor-tab-title-6521\" class=\"elementor-tab-title\" data-tab=\"1\" role=\"button\" aria-controls=\"elementor-tab-content-6521\" aria-expanded=\"false\">\n\t\t\t\t\t\t\t\t\t\t\t\t<a class=\"elementor-toggle-title\" tabindex=\"0\">1) Quem pode utilizar este servi\u00e7o?<\/a>\n\t\t\t\t\t<\/div>\n\n\t\t\t\t\t<div id=\"elementor-tab-content-6521\" class=\"elementor-tab-content elementor-clearfix\" data-tab=\"1\" role=\"region\" aria-labelledby=\"elementor-tab-title-6521\"><p align=\"justify\"><span style=\"font-weight: 400;\">Estabelecimentos sujeitos ao licenciamento sanit\u00e1rio (pessoa f\u00edsica ou jur\u00eddica) que encerraram suas atividades objetos do licenciamento.<\/span><\/p><\/div>\n\t\t\t\t<\/div>\n\t\t\t\t\t\t\t<div class=\"elementor-toggle-item\">\n\t\t\t\t\t<div id=\"elementor-tab-title-6522\" class=\"elementor-tab-title\" data-tab=\"2\" role=\"button\" aria-controls=\"elementor-tab-content-6522\" aria-expanded=\"false\">\n\t\t\t\t\t\t\t\t\t\t\t\t<a class=\"elementor-toggle-title\" tabindex=\"0\">2) Como fa\u00e7o para comunicar o encerramento da atividade?<\/a>\n\t\t\t\t\t<\/div>\n\n\t\t\t\t\t<div id=\"elementor-tab-content-6522\" class=\"elementor-tab-content elementor-clearfix\" data-tab=\"2\" role=\"region\" aria-labelledby=\"elementor-tab-title-6522\"><p><span style=\"font-weight: 400;\">O encerramento de atividade deve ser comunicada preferencialmente de forma eletr\u00f4nica, atrav\u00e9s do portal e-VISA Cidad\u00e3o <\/span><span style=\"font-weight: 400;\">(<\/span><a href=\"https:\/\/esferasistemadigital.com.br\/visa\/evisa\/\"><span style=\"font-weight: 400;\">https:\/\/esferasistemadigital.com.br\/visa\/evisa\/<\/span><\/a><span style=\"font-weight: 400;\"> ).<\/span><br \/><br \/><\/p><p><span style=\"font-weight: 400;\">O requerente dever\u00e1 realizar o cadastro no sistema e iniciar um novo requerimento, selecionando o motivo espec\u00edfico da solicita\u00e7\u00e3o. No portal, est\u00e1 dispon\u00edvel um manual com todas as orienta\u00e7\u00f5es para cadastro e realiza\u00e7\u00e3o de requerimentos.<\/span><\/p><\/div>\n\t\t\t\t<\/div>\n\t\t\t\t\t\t\t<div class=\"elementor-toggle-item\">\n\t\t\t\t\t<div id=\"elementor-tab-title-6523\" class=\"elementor-tab-title\" data-tab=\"3\" role=\"button\" aria-controls=\"elementor-tab-content-6523\" aria-expanded=\"false\">\n\t\t\t\t\t\t\t\t\t\t\t\t<a class=\"elementor-toggle-title\" tabindex=\"0\">3) Quais as documenta\u00e7\u00f5es necess\u00e1rias para comunicar encerramento de atividade?<\/a>\n\t\t\t\t\t<\/div>\n\n\t\t\t\t\t<div id=\"elementor-tab-content-6523\" class=\"elementor-tab-content elementor-clearfix\" data-tab=\"3\" role=\"region\" aria-labelledby=\"elementor-tab-title-6523\"><p><span style=\"font-weight: 400;\">Requerimento devidamente assinado pelo Respons\u00e1vel Legal (gerado automaticamente pelo sistema e-VISA Cidad\u00e3o);<\/span><\/p><\/div>\n\t\t\t\t<\/div>\n\t\t\t\t\t\t\t<div class=\"elementor-toggle-item\">\n\t\t\t\t\t<div id=\"elementor-tab-title-6524\" class=\"elementor-tab-title\" data-tab=\"4\" role=\"button\" aria-controls=\"elementor-tab-content-6524\" aria-expanded=\"false\">\n\t\t\t\t\t\t\t\t\t\t\t\t<a class=\"elementor-toggle-title\" tabindex=\"0\">4) Qual o valor cobrado relativo ao servi\u00e7o?<\/a>\n\t\t\t\t\t<\/div>\n\n\t\t\t\t\t<div id=\"elementor-tab-content-6524\" class=\"elementor-tab-content elementor-clearfix\" data-tab=\"4\" role=\"region\" aria-labelledby=\"elementor-tab-title-6524\"><p align=\"justify\"><span style=\"font-weight: 400;\">Gratuito.<\/span><\/p><\/div>\n\t\t\t\t<\/div>\n\t\t\t\t\t\t\t<div class=\"elementor-toggle-item\">\n\t\t\t\t\t<div id=\"elementor-tab-title-6525\" class=\"elementor-tab-title\" data-tab=\"5\" role=\"button\" aria-controls=\"elementor-tab-content-6525\" aria-expanded=\"false\">\n\t\t\t\t\t\t\t\t\t\t\t\t<a class=\"elementor-toggle-title\" tabindex=\"0\">5) Qual o prazo para resposta?<\/a>\n\t\t\t\t\t<\/div>\n\n\t\t\t\t\t<div id=\"elementor-tab-content-6525\" class=\"elementor-tab-content elementor-clearfix\" data-tab=\"5\" role=\"region\" aria-labelledby=\"elementor-tab-title-6525\"><p align=\"justify\"><span style=\"font-weight: 400;\">30 dias ap\u00f3s o aceite do requerimento.<\/span><\/p><\/div>\n\t\t\t\t<\/div>\n\t\t\t\t\t\t\t<div class=\"elementor-toggle-item\">\n\t\t\t\t\t<div id=\"elementor-tab-title-6526\" class=\"elementor-tab-title\" data-tab=\"6\" role=\"button\" aria-controls=\"elementor-tab-content-6526\" aria-expanded=\"false\">\n\t\t\t\t\t\t\t\t\t\t\t\t<a class=\"elementor-toggle-title\" tabindex=\"0\">6) Como terei acesso a resposta?<\/a>\n\t\t\t\t\t<\/div>\n\n\t\t\t\t\t<div id=\"elementor-tab-content-6526\" class=\"elementor-tab-content elementor-clearfix\" data-tab=\"6\" role=\"region\" aria-labelledby=\"elementor-tab-title-6526\"><p align=\"justify\"><span style=\"font-weight: 400;\">O requerente receber\u00e1 uma notifica\u00e7\u00e3o via e-mail cadastrado informando sobre o cancelamento do cadastro e licenciamento no Setor de Vigil\u00e2ncia Sanit\u00e1ria.<\/span><\/p><\/div>\n\t\t\t\t<\/div>\n\t\t\t\t\t\t\t\t<\/div>\n\t\t\t\t\t\t<\/div>\n\t\t\t\t<\/div>\n\t\t\t\t<\/div>\n\t\t\t\t\t<\/div>\n\t\t\t\t<\/div>\n\t\t\t\t<section class=\"elementor-section elementor-top-section elementor-element elementor-element-5564eaf8 elementor-section-boxed elementor-section-height-default elementor-section-height-default wpr-particle-no wpr-jarallax-no wpr-parallax-no wpr-sticky-section-no\" data-id=\"5564eaf8\" data-element_type=\"section\" data-settings=\"{&quot;background_background&quot;:&quot;classic&quot;,&quot;_ha_eqh_enable&quot;:false}\">\n\t\t\t\t\t\t<div class=\"elementor-container elementor-column-gap-default\">\n\t\t\t\t\t<div class=\"elementor-column elementor-col-100 elementor-top-column elementor-element elementor-element-70a82797\" data-id=\"70a82797\" data-element_type=\"column\">\n\t\t\t<div class=\"elementor-widget-wrap\">\n\t\t\t\t\t\t\t<\/div>\n\t\t<\/div>\n\t\t\t\t\t<\/div>\n\t\t<\/section>\n\t\t<div class=\"elementor-element elementor-element-7251812 e-flex e-con-boxed wpr-particle-no wpr-jarallax-no wpr-parallax-no wpr-sticky-section-no e-con e-parent\" data-id=\"7251812\" data-element_type=\"container\" data-settings=\"{&quot;_ha_eqh_enable&quot;:false}\">\n\t\t\t\t\t<div class=\"e-con-inner\">\n\t\t\t\t\t<\/div>\n\t\t\t\t<\/div>\n\t\t\t\t<\/div>\n\t\t","protected":false},"excerpt":{"rendered":"<p>COMUNICA\u00c7\u00c3O DE ENCERRAMENTO DE ATIVIDADE voltar Todo estabelecimento deve comunicar formalmente ao \u00f3rg\u00e3o que emitiu o respectivo Alvar\u00e1 Sanit\u00e1rio qualquer altera\u00e7\u00e3o cadastral da empresa. Deve ser comunicado o encerramento de atividade sujeita ao controle sanit\u00e1rio por motivo de fechamento da empresa, ou encerramento de servi\u00e7o sob Vigil\u00e2ncia Sanit\u00e1ria. Informa\u00e7\u00f5es Complementares 1) Quem pode utilizar este servi\u00e7o? Estabelecimentos sujeitos ao licenciamento sanit\u00e1rio (pessoa f\u00edsica ou jur\u00eddica) que encerraram suas atividades objetos do licenciamento. 2) Como fa\u00e7o para comunicar o encerramento da atividade? O encerramento de atividade deve ser comunicada preferencialmente de forma eletr\u00f4nica, atrav\u00e9s do portal e-VISA Cidad\u00e3o (https:\/\/esferasistemadigital.com.br\/visa\/evisa\/ ). O requerente dever\u00e1 realizar o cadastro no sistema e iniciar um novo requerimento, selecionando o motivo espec\u00edfico da solicita\u00e7\u00e3o. No portal, est\u00e1 dispon\u00edvel um manual com todas as orienta\u00e7\u00f5es para cadastro e realiza\u00e7\u00e3o de requerimentos. 3) Quais as documenta\u00e7\u00f5es necess\u00e1rias para comunicar encerramento de atividade? Requerimento devidamente assinado pelo Respons\u00e1vel Legal (gerado automaticamente pelo sistema e-VISA Cidad\u00e3o); 4) Qual o valor cobrado relativo ao servi\u00e7o? Gratuito. 5) Qual o prazo para resposta? 30 dias ap\u00f3s o aceite do requerimento. 6) Como terei acesso a resposta? O requerente receber\u00e1 uma notifica\u00e7\u00e3o via e-mail cadastrado informando sobre o cancelamento do cadastro e licenciamento no Setor de Vigil\u00e2ncia Sanit\u00e1ria.<\/p>\n","protected":false},"author":1,"featured_media":0,"parent":0,"menu_order":0,"comment_status":"closed","ping_status":"closed","template":"elementor_canvas","meta":{"ngg_post_thumbnail":0,"footnotes":""},"class_list":["post-6629","page","type-page","status-publish","hentry"],"_hostinger_reach_plugin_has_subscription_block":false,"_hostinger_reach_plugin_is_elementor":false,"_links":{"self":[{"href":"https:\/\/esferasistemadigital.com.br\/visa\/wp-json\/wp\/v2\/pages\/6629","targetHints":{"allow":["GET"]}}],"collection":[{"href":"https:\/\/esferasistemadigital.com.br\/visa\/wp-json\/wp\/v2\/pages"}],"about":[{"href":"https:\/\/esferasistemadigital.com.br\/visa\/wp-json\/wp\/v2\/types\/page"}],"author":[{"embeddable":true,"href":"https:\/\/esferasistemadigital.com.br\/visa\/wp-json\/wp\/v2\/users\/1"}],"replies":[{"embeddable":true,"href":"https:\/\/esferasistemadigital.com.br\/visa\/wp-json\/wp\/v2\/comments?post=6629"}],"version-history":[{"count":19,"href":"https:\/\/esferasistemadigital.com.br\/visa\/wp-json\/wp\/v2\/pages\/6629\/revisions"}],"predecessor-version":[{"id":7705,"href":"https:\/\/esferasistemadigital.com.br\/visa\/wp-json\/wp\/v2\/pages\/6629\/revisions\/7705"}],"wp:attachment":[{"href":"https:\/\/esferasistemadigital.com.br\/visa\/wp-json\/wp\/v2\/media?parent=6629"}],"curies":[{"name":"wp","href":"https:\/\/api.w.org\/{rel}","templated":true}]}}