{"id":7938,"date":"2025-07-03T10:54:59","date_gmt":"2025-07-03T13:54:59","guid":{"rendered":"https:\/\/esferasistemadigital.com.br\/visa\/?page_id=7938"},"modified":"2025-07-08T10:30:28","modified_gmt":"2025-07-08T13:30:28","slug":"dispensa-de-alvara-sanitario-empresas","status":"publish","type":"page","link":"https:\/\/esferasistemadigital.com.br\/visa\/dispensa-de-alvara-sanitario-empresas\/","title":{"rendered":"DISPENSA DE ALVAR\u00c1 SANIT\u00c1RIO &#8211; BAIXO RISCO"},"content":{"rendered":"\t\t<div data-elementor-type=\"wp-page\" data-elementor-id=\"7938\" class=\"elementor elementor-7938\" data-elementor-settings=\"{&quot;ha_cmc_init_switcher&quot;:&quot;no&quot;}\">\n\t\t\t\t<div class=\"elementor-element elementor-element-57e7678 e-flex e-con-boxed wpr-particle-no wpr-jarallax-no wpr-parallax-no wpr-sticky-section-no e-con e-parent\" data-id=\"57e7678\" data-element_type=\"container\" data-settings=\"{&quot;_ha_eqh_enable&quot;:false}\">\n\t\t\t\t\t<div class=\"e-con-inner\">\n\t\t<div class=\"elementor-element elementor-element-4dfdaae e-flex e-con-boxed wpr-particle-no wpr-jarallax-no wpr-parallax-no wpr-sticky-section-no e-con e-child\" data-id=\"4dfdaae\" data-element_type=\"container\" data-settings=\"{&quot;_ha_eqh_enable&quot;:false}\">\n\t\t\t\t\t<div class=\"e-con-inner\">\n\t\t\t\t<div class=\"elementor-element elementor-element-1d29d77 elementor-position-inline-start elementor-mobile-position-inline-start elementor-view-stacked elementor-shape-circle elementor-widget elementor-widget-icon-box\" data-id=\"1d29d77\" data-element_type=\"widget\" data-widget_type=\"icon-box.default\">\n\t\t\t\t<div class=\"elementor-widget-container\">\n\t\t\t\t\t\t\t<div class=\"elementor-icon-box-wrapper\">\n\n\t\t\t\t\t\t<div class=\"elementor-icon-box-icon\">\n\t\t\t\t<span  class=\"elementor-icon\">\n\t\t\t\t<svg aria-hidden=\"true\" class=\"e-font-icon-svg e-fas-store-alt-slash\" viewBox=\"0 0 640 512\" xmlns=\"http:\/\/www.w3.org\/2000\/svg\"><path d=\"M17.89,123.62,5.51,142.2c-14.2,21.3,1,49.8,26.59,49.8h74.26ZM576,413.42V224H512V364L384,265V224H330.92l-41.4-32H608c25.5,0,40.7-28.5,26.59-49.8l-85.29-128A32.18,32.18,0,0,0,522.6,0H117.42A31.87,31.87,0,0,0,90.81,14.2l-10.66,16L45.46,3.38A16,16,0,0,0,23,6.19L3.37,31.46A16,16,0,0,0,6.18,53.91L594.53,508.63A16,16,0,0,0,617,505.81l19.64-25.26a16,16,0,0,0-2.81-22.45ZM320,384H128V224H64V480a32,32,0,0,0,32,32H352a32,32,0,0,0,32-32V406.59l-64-49.47Z\"><\/path><\/svg>\t\t\t\t<\/span>\n\t\t\t<\/div>\n\t\t\t\n\t\t\t\t\t\t<div class=\"elementor-icon-box-content\">\n\n\t\t\t\t\t\t\t\t\t<h3 class=\"elementor-icon-box-title\">\n\t\t\t\t\t\t<span  >\n\t\t\t\t\t\t\tEmiss\u00e3o de Declara\u00e7\u00e3o de Dispensa de Alvar\u00e1 Sanit\u00e1rio para empresas enquadradas como domic\u00edlio fiscal\t\t\t\t\t\t<\/span>\n\t\t\t\t\t<\/h3>\n\t\t\t\t\n\t\t\t\t\n\t\t\t<\/div>\n\t\t\t\n\t\t<\/div>\n\t\t\t\t\t\t<\/div>\n\t\t\t\t<\/div>\n\t\t\t\t\t<\/div>\n\t\t\t\t<\/div>\n\t\t\t\t\t<\/div>\n\t\t\t\t<\/div>\n\t\t<div class=\"elementor-element elementor-element-cfcd83f e-flex e-con-boxed wpr-particle-no wpr-jarallax-no wpr-parallax-no wpr-sticky-section-no e-con e-parent\" data-id=\"cfcd83f\" data-element_type=\"container\" data-settings=\"{&quot;_ha_eqh_enable&quot;:false}\">\n\t\t\t\t\t<div class=\"e-con-inner\">\n\t\t\t\t<div class=\"elementor-element elementor-element-207630a elementor-widget elementor-widget-button\" data-id=\"207630a\" data-element_type=\"widget\" data-widget_type=\"button.default\">\n\t\t\t\t<div class=\"elementor-widget-container\">\n\t\t\t\t\t\t\t\t\t<div class=\"elementor-button-wrapper\">\n\t\t\t\t\t<a class=\"elementor-button elementor-button-link elementor-size-xs\" href=\"https:\/\/esferasistemadigital.com.br\/visa\/index.php\/dispensa-de-alvara-sanitario\/\">\n\t\t\t\t\t\t<span class=\"elementor-button-content-wrapper\">\n\t\t\t\t\t\t<span class=\"elementor-button-icon\">\n\t\t\t\t<svg aria-hidden=\"true\" class=\"e-font-icon-svg e-fas-angle-double-left\" viewBox=\"0 0 448 512\" xmlns=\"http:\/\/www.w3.org\/2000\/svg\"><path d=\"M223.7 239l136-136c9.4-9.4 24.6-9.4 33.9 0l22.6 22.6c9.4 9.4 9.4 24.6 0 33.9L319.9 256l96.4 96.4c9.4 9.4 9.4 24.6 0 33.9L393.7 409c-9.4 9.4-24.6 9.4-33.9 0l-136-136c-9.5-9.4-9.5-24.6-.1-34zm-192 34l136 136c9.4 9.4 24.6 9.4 33.9 0l22.6-22.6c9.4-9.4 9.4-24.6 0-33.9L127.9 256l96.4-96.4c9.4-9.4 9.4-24.6 0-33.9L201.7 103c-9.4-9.4-24.6-9.4-33.9 0l-136 136c-9.5 9.4-9.5 24.6-.1 34z\"><\/path><\/svg>\t\t\t<\/span>\n\t\t\t\t\t\t\t\t\t<span class=\"elementor-button-text\">voltar<\/span>\n\t\t\t\t\t<\/span>\n\t\t\t\t\t<\/a>\n\t\t\t\t<\/div>\n\t\t\t\t\t\t\t\t<\/div>\n\t\t\t\t<\/div>\n\t\t\t\t\t<\/div>\n\t\t\t\t<\/div>\n\t\t<div class=\"elementor-element elementor-element-d473ce7 e-flex e-con-boxed wpr-particle-no wpr-jarallax-no wpr-parallax-no wpr-sticky-section-no e-con e-parent\" data-id=\"d473ce7\" data-element_type=\"container\" data-settings=\"{&quot;_ha_eqh_enable&quot;:false}\">\n\t\t\t\t\t<div class=\"e-con-inner\">\n\t\t\t\t<div class=\"elementor-element elementor-element-7145d76 elementor-widget elementor-widget-text-editor\" data-id=\"7145d76\" data-element_type=\"widget\" data-widget_type=\"text-editor.default\">\n\t\t\t\t<div class=\"elementor-widget-container\">\n\t\t\t\t\t\t\t\t\t<p>Conceitua-se como domic\u00edlio fiscal para a vigil\u00e2ncia sanit\u00e1ria, o empreendimento cujas atividades econ\u00f4micas n\u00e3o s\u00e3o exercidas no endere\u00e7o do im\u00f3vel informado no registro do im\u00f3vel.<\/p><p>Os estabelecimentos classificados como domic\u00edlio fiscal s\u00e3o dispensados de licenciamento sanit\u00e1rio. As atividades econ\u00f4micas dos estabelecimentos classificados como domic\u00edlio fiscal somente poder\u00e3o ser desenvolvidas em outros estabelecimentos devidamente licenciados pela Vigil\u00e2ncia Sanit\u00e1ria, quando couber.<\/p>\t\t\t\t\t\t\t\t<\/div>\n\t\t\t\t<\/div>\n\t\t\t\t\t<\/div>\n\t\t\t\t<\/div>\n\t\t<div class=\"elementor-element elementor-element-9fbe543 e-flex e-con-boxed wpr-particle-no wpr-jarallax-no wpr-parallax-no wpr-sticky-section-no e-con e-parent\" data-id=\"9fbe543\" data-element_type=\"container\" data-settings=\"{&quot;_ha_eqh_enable&quot;:false}\">\n\t\t\t\t\t<div class=\"e-con-inner\">\n\t\t<div class=\"elementor-element elementor-element-1bc1fe3 e-con-full e-flex wpr-particle-no wpr-jarallax-no wpr-parallax-no wpr-sticky-section-no e-con e-child\" data-id=\"1bc1fe3\" data-element_type=\"container\" data-settings=\"{&quot;_ha_eqh_enable&quot;:false}\">\n\t\t\t\t<div class=\"elementor-element elementor-element-a4c8637 elementor-widget elementor-widget-heading\" data-id=\"a4c8637\" data-element_type=\"widget\" data-widget_type=\"heading.default\">\n\t\t\t\t<div class=\"elementor-widget-container\">\n\t\t\t\t\t<h3 class=\"elementor-heading-title elementor-size-default\">Informa\u00e7\u00f5es Complementares<\/h3>\t\t\t\t<\/div>\n\t\t\t\t<\/div>\n\t\t\t\t<\/div>\n\t\t\t\t\t<\/div>\n\t\t\t\t<\/div>\n\t\t<div class=\"elementor-element elementor-element-e5f47c5 e-flex e-con-boxed wpr-particle-no wpr-jarallax-no wpr-parallax-no wpr-sticky-section-no e-con e-parent\" data-id=\"e5f47c5\" data-element_type=\"container\" data-settings=\"{&quot;_ha_eqh_enable&quot;:false}\">\n\t\t\t\t\t<div class=\"e-con-inner\">\n\t\t<div class=\"elementor-element elementor-element-2db2c62 e-con-full e-flex wpr-particle-no wpr-jarallax-no wpr-parallax-no wpr-sticky-section-no e-con e-child\" data-id=\"2db2c62\" data-element_type=\"container\" data-settings=\"{&quot;_ha_eqh_enable&quot;:false}\">\n\t\t\t\t<div class=\"elementor-element elementor-element-9e1c505 elementor-widget elementor-widget-toggle\" data-id=\"9e1c505\" data-element_type=\"widget\" data-widget_type=\"toggle.default\">\n\t\t\t\t<div class=\"elementor-widget-container\">\n\t\t\t\t\t\t\t<div class=\"elementor-toggle\">\n\t\t\t\t\t\t\t<div class=\"elementor-toggle-item\">\n\t\t\t\t\t<div id=\"elementor-tab-title-1651\" class=\"elementor-tab-title\" data-tab=\"1\" role=\"button\" aria-controls=\"elementor-tab-content-1651\" aria-expanded=\"false\">\n\t\t\t\t\t\t\t\t\t\t\t\t<a class=\"elementor-toggle-title\" tabindex=\"0\">1) Quem pode utilizar este servi\u00e7o?<\/a>\n\t\t\t\t\t<\/div>\n\n\t\t\t\t\t<div id=\"elementor-tab-content-1651\" class=\"elementor-tab-content elementor-clearfix\" data-tab=\"1\" role=\"region\" aria-labelledby=\"elementor-tab-title-1651\"><p align=\"justify\"><span style=\"font-weight: 400;\">Estabelecimentos que n\u00e3o desenvolvem atividades sujeitas ao licenciamento sanit\u00e1rio, mas que necessitam de declara\u00e7\u00e3o comprobat\u00f3ria para fins diversos.<\/span><\/p><\/div>\n\t\t\t\t<\/div>\n\t\t\t\t\t\t\t<div class=\"elementor-toggle-item\">\n\t\t\t\t\t<div id=\"elementor-tab-title-1652\" class=\"elementor-tab-title\" data-tab=\"2\" role=\"button\" aria-controls=\"elementor-tab-content-1652\" aria-expanded=\"false\">\n\t\t\t\t\t\t\t\t\t\t\t\t<a class=\"elementor-toggle-title\" tabindex=\"0\">2) Como fa\u00e7o para solicitar a Declara\u00e7\u00e3o de dispensa de Alvar\u00e1 Sanit\u00e1rio?<\/a>\n\t\t\t\t\t<\/div>\n\n\t\t\t\t\t<div id=\"elementor-tab-content-1652\" class=\"elementor-tab-content elementor-clearfix\" data-tab=\"2\" role=\"region\" aria-labelledby=\"elementor-tab-title-1652\"><p><span style=\"font-weight: 400;\">A solicita\u00e7\u00e3o de declara\u00e7\u00e3o de dispensa de licenciamento sanit\u00e1rio deve ser solicitada preferencialmente de forma eletr\u00f4nica, atrav\u00e9s do portal e-VISA Cidad\u00e3o <\/span><span style=\"font-weight: 400;\">(<\/span><a href=\"https:\/\/esferasistemadigital.com.br\/visa\/evisa\/\"><span style=\"font-weight: 400;\">https:\/\/esferasistemadigital.com.br\/visa\/evisa\/<\/span><\/a><span style=\"font-weight: 400;\"> ).<\/span><\/p><p><span style=\"font-weight: 400;\">O requerente dever\u00e1 realizar o cadastro no sistema e iniciar um novo requerimento, selecionando o motivo espec\u00edfico da solicita\u00e7\u00e3o. No portal, est\u00e1 dispon\u00edvel um manual com todas as orienta\u00e7\u00f5es para cadastro e realiza\u00e7\u00e3o de requerimentos.<\/span><\/p><\/div>\n\t\t\t\t<\/div>\n\t\t\t\t\t\t\t<div class=\"elementor-toggle-item\">\n\t\t\t\t\t<div id=\"elementor-tab-title-1653\" class=\"elementor-tab-title\" data-tab=\"3\" role=\"button\" aria-controls=\"elementor-tab-content-1653\" aria-expanded=\"false\">\n\t\t\t\t\t\t\t\t\t\t\t\t<a class=\"elementor-toggle-title\" tabindex=\"0\">3) Quais as documenta\u00e7\u00f5es necess\u00e1rias para emiss\u00e3o da declara\u00e7\u00e3o de dispensa de Alvar\u00e1 Sanit\u00e1rio?<\/a>\n\t\t\t\t\t<\/div>\n\n\t\t\t\t\t<div id=\"elementor-tab-content-1653\" class=\"elementor-tab-content elementor-clearfix\" data-tab=\"3\" role=\"region\" aria-labelledby=\"elementor-tab-title-1653\"><ul><li style=\"font-weight: 400;\" aria-level=\"1\"><span style=\"font-weight: 400;\">Requerimento devidamente assinado pelo Respons\u00e1vel Legal (gerado automaticamente pelo sistema e-VISA Cidad\u00e3o);<\/span><\/li><li style=\"font-weight: 400;\" aria-level=\"1\"><span style=\"font-weight: 400;\">Declara\u00e7\u00e3o de Enquadramento como Domic\u00edlio Fiscal, devidamente assinada pelo representante legal do estabelecimento (modelo padr\u00e3o dispon\u00edvel para download no portal e-VISA Cidad\u00e3o).<\/span><\/li><\/ul><\/div>\n\t\t\t\t<\/div>\n\t\t\t\t\t\t\t<div class=\"elementor-toggle-item\">\n\t\t\t\t\t<div id=\"elementor-tab-title-1654\" class=\"elementor-tab-title\" data-tab=\"4\" role=\"button\" aria-controls=\"elementor-tab-content-1654\" aria-expanded=\"false\">\n\t\t\t\t\t\t\t\t\t\t\t\t<a class=\"elementor-toggle-title\" tabindex=\"0\">4) Qual o valor cobrado relativo ao servi\u00e7o?<\/a>\n\t\t\t\t\t<\/div>\n\n\t\t\t\t\t<div id=\"elementor-tab-content-1654\" class=\"elementor-tab-content elementor-clearfix\" data-tab=\"4\" role=\"region\" aria-labelledby=\"elementor-tab-title-1654\"><p align=\"justify\"><span style=\"font-weight: 400;\">Gratuito.<\/span><\/p><\/div>\n\t\t\t\t<\/div>\n\t\t\t\t\t\t\t<div class=\"elementor-toggle-item\">\n\t\t\t\t\t<div id=\"elementor-tab-title-1655\" class=\"elementor-tab-title\" data-tab=\"5\" role=\"button\" aria-controls=\"elementor-tab-content-1655\" aria-expanded=\"false\">\n\t\t\t\t\t\t\t\t\t\t\t\t<a class=\"elementor-toggle-title\" tabindex=\"0\">5) Qual o prazo para emiss\u00e3o da declara\u00e7\u00e3o de dispensa?<\/a>\n\t\t\t\t\t<\/div>\n\n\t\t\t\t\t<div id=\"elementor-tab-content-1655\" class=\"elementor-tab-content elementor-clearfix\" data-tab=\"5\" role=\"region\" aria-labelledby=\"elementor-tab-title-1655\"><p align=\"justify\"><span style=\"font-weight: 400;\">30 dias ap\u00f3s o aceite do requerimento.<\/span><\/p><\/div>\n\t\t\t\t<\/div>\n\t\t\t\t\t\t\t<div class=\"elementor-toggle-item\">\n\t\t\t\t\t<div id=\"elementor-tab-title-1656\" class=\"elementor-tab-title\" data-tab=\"6\" role=\"button\" aria-controls=\"elementor-tab-content-1656\" aria-expanded=\"false\">\n\t\t\t\t\t\t\t\t\t\t\t\t<a class=\"elementor-toggle-title\" tabindex=\"0\">6) Como terei acesso a declara\u00e7\u00e3o de dispensa?<\/a>\n\t\t\t\t\t<\/div>\n\n\t\t\t\t\t<div id=\"elementor-tab-content-1656\" class=\"elementor-tab-content elementor-clearfix\" data-tab=\"6\" role=\"region\" aria-labelledby=\"elementor-tab-title-1656\"><p align=\"justify\"><span style=\"font-weight: 400;\">O documento ser\u00e1 expedido atrav\u00e9s do portal e-VISA Cidad\u00e3o, e o requerente receber\u00e1 uma notifica\u00e7\u00e3o via e-mail cadastrado quando a declara\u00e7\u00e3o estiver dispon\u00edvel para consulta na \u00e1rea do requerente.<\/span><\/p><\/div>\n\t\t\t\t<\/div>\n\t\t\t\t\t\t\t\t<\/div>\n\t\t\t\t\t\t<\/div>\n\t\t\t\t<\/div>\n\t\t\t\t<\/div>\n\t\t\t\t\t<\/div>\n\t\t\t\t<\/div>\n\t\t<div class=\"elementor-element elementor-element-60ec430 e-flex e-con-boxed wpr-particle-no wpr-jarallax-no wpr-parallax-no wpr-sticky-section-no e-con e-parent\" data-id=\"60ec430\" data-element_type=\"container\" data-settings=\"{&quot;_ha_eqh_enable&quot;:false}\">\n\t\t\t\t\t<div class=\"e-con-inner\">\n\t\t<div class=\"elementor-element elementor-element-5489aa5 e-con-full e-flex wpr-particle-no wpr-jarallax-no wpr-parallax-no wpr-sticky-section-no e-con e-child\" data-id=\"5489aa5\" data-element_type=\"container\" data-settings=\"{&quot;_ha_eqh_enable&quot;:false}\">\n\t\t\t\t<div class=\"elementor-element elementor-element-fc339d1 elementor-widget elementor-widget-heading\" data-id=\"fc339d1\" data-element_type=\"widget\" data-widget_type=\"heading.default\">\n\t\t\t\t<div class=\"elementor-widget-container\">\n\t\t\t\t\t<h3 class=\"elementor-heading-title elementor-size-default\">Arquivos para Download<\/h3>\t\t\t\t<\/div>\n\t\t\t\t<\/div>\n\t\t\t\t<\/div>\n\t\t\t\t\t<\/div>\n\t\t\t\t<\/div>\n\t\t<div class=\"elementor-element elementor-element-64e9e79 e-flex e-con-boxed wpr-particle-no wpr-jarallax-no wpr-parallax-no wpr-sticky-section-no e-con e-parent\" data-id=\"64e9e79\" data-element_type=\"container\" data-settings=\"{&quot;_ha_eqh_enable&quot;:false}\">\n\t\t\t\t\t<div class=\"e-con-inner\">\n\t\t\t\t<div class=\"elementor-element elementor-element-112e8a0 elementor-widget elementor-widget-wpdmcategory\" data-id=\"112e8a0\" data-element_type=\"widget\" data-widget_type=\"wpdmcategory.default\">\n\t\t\t\t<div class=\"elementor-widget-container\">\n\t\t\t\t\t<div class='w3eden'>\n    <div class=''>\n\n        \n        <div id=\"content_wpdm_package_1\">\n            <div class='row'><div class='col-lg-12 col-md-6 col-12'><!-- WPDM Link Template: Call to Action 3 -->\n\n<div class=\"well c2a3\">\n    <div class=\"media\">\n        <div class=\"mr-3\" align=\"left\">\n            <img decoding=\"async\" class=\"wpdm_icon\" alt=\"\u00edcone\" src=\"data:image\/svg+xml;base64,CiAgICAgICAgICAgIDxzdmcgeG1sbnM9Imh0dHA6Ly93d3cudzMub3JnLzIwMDAvc3ZnIiB2aWV3Qm94PSIwIDAgNDAgNDAiPgogICAgICAgICAgICAgICAgPGRlZnM+CiAgICAgICAgICAgICAgICAgICAgPGxpbmVhckdyYWRpZW50IGlkPSJncmFkaWVudCIgeDE9IjAiIHkxPSIwIiB4Mj0iMCIgeTI9IjEiPgogICAgICAgICAgICAgICAgICAgICAgICA8c3RvcCBzdG9wLWNvbG9yPSIjMjY5ZGVmIiBvZmZzZXQ9IjAiLz4KICAgICAgICAgICAgICAgICAgICAgICAgPHN0b3Agc3RvcC1jb2xvcj0iIzI2YmRlZiIgb2Zmc2V0PSIxIi8+CiAgICAgICAgICAgICAgICAgICAgPC9saW5lYXJHcmFkaWVudD4KICAgICAgICAgICAgICAgIDwvZGVmcz4KICAgICAgICAgICAgICAgIDxnPgogICAgICAgICAgICAgICAgICAgIDxyZWN0IGZpbGw9InVybCgjZ3JhZGllbnQpIiB4PSIwIiB5PSIwIiB3aWR0aD0iNDAiIGhlaWdodD0iNDAiIHJ4PSIzIiByeT0iMyIvPgogICAgICAgICAgICAgICAgICAgIDx0ZXh0IHg9IjUiIHk9IjE5IiBmb250LWZhbWlseT0iQXJpYWwsIEhlbHZldGljYSwgc2Fucy1zZXJpZiIgZm9udC1zaXplPSIxM3B4IiBsZXR0ZXItc3BhY2luZz0iMSIgZmlsbD0iI0ZGRkZGRiI+CiAgICAgICAgICAgICAgICAgICAgICAgIDx0c3Bhbj5ET0M8L3RzcGFuPgogICAgICAgICAgICAgICAgICAgICAgICA8dHNwYW4geD0iNiIgeT0iMjgiPl88L3RzcGFuPgogICAgICAgICAgICAgICAgICAgIDwvdGV4dD4KICAgICAgICAgICAgICAgIDwvZz4KICAgICAgICAgICAgPC9zdmc+CgoJCQk=\" \/>\n        <\/div>\n        <div class=\"media-body\">\n            <h3 class=\"media-heading\" style=\"padding-top: 0px;border:0px;margin: 0 0 5px 0;font-size:12pt;\">\n                <a style=\"font-weight: 700\" href=\"https:\/\/esferasistemadigital.com.br\/visa\/download\/declaracao-de-domicilio-fiscal\/\">Declara\u00e7\u00e3o de Domic\u00edlio Fiscal<\/a>\n                <span style=\"font-size:8pt;font-weight:300\" class=\"text-muted ml-4\">\n                    <i class=\"fas fa-hdd mr-1\"><\/i> 64.19 KB\n                    <i class=\"ml-3 far fa-arrow-alt-circle-down mr-1\"><\/i> 17 downloads\n                <\/span>\n            <\/h3>\n            ...\n        <\/div>\n        <div class=\"ml-3\" align=\"right\">\n            <a class='wpdm-download-link download-on-click btn btn-primary ' rel='nofollow' href='#' data-downloadurl=\"https:\/\/esferasistemadigital.com.br\/visa\/download\/declaracao-de-domicilio-fiscal\/?wpdmdl=8062&refresh=69d00a04798b61775241732\">Download<\/a>\n        <\/div>\n    <\/div>\n\n<\/div>\n<style>\n    .well.c2a3 .btn {\n        padding: 11px 30px;\n        font-size: 11pt;\n    }\n\n    .well.c2a3 .media-body {\n        font-size: 11pt;\n    }\n\n    .well.c2a3 .wpdm_icon {\n        height: 42px;\n        width: auto;\n    }<\/style>\n<\/div><\/div>            <div style='clear:both'><\/div><div class='text-center'><ul class='pagination wpdm-pagination pagination-centered text-center'><\/ul><\/div><div style='clear:both'><\/div>        <\/div>\n\n        <div style='clear:both'><\/div>\n    <\/div>\n<\/div>\n\t\t\t\t<\/div>\n\t\t\t\t<\/div>\n\t\t\t\t\t<\/div>\n\t\t\t\t<\/div>\n\t\t\t\t<\/div>\n\t\t","protected":false},"excerpt":{"rendered":"<p>Emiss\u00e3o de Declara\u00e7\u00e3o de Dispensa de Alvar\u00e1 Sanit\u00e1rio para empresas enquadradas como domic\u00edlio fiscal voltar Conceitua-se como domic\u00edlio fiscal para a vigil\u00e2ncia sanit\u00e1ria, o empreendimento cujas atividades econ\u00f4micas n\u00e3o s\u00e3o exercidas no endere\u00e7o do im\u00f3vel informado no registro do im\u00f3vel. Os estabelecimentos classificados como domic\u00edlio fiscal s\u00e3o dispensados de licenciamento sanit\u00e1rio. As atividades econ\u00f4micas dos estabelecimentos classificados como domic\u00edlio fiscal somente poder\u00e3o ser desenvolvidas em outros estabelecimentos devidamente licenciados pela Vigil\u00e2ncia Sanit\u00e1ria, quando couber. Informa\u00e7\u00f5es Complementares 1) Quem pode utilizar este servi\u00e7o? Estabelecimentos que n\u00e3o desenvolvem atividades sujeitas ao licenciamento sanit\u00e1rio, mas que necessitam de declara\u00e7\u00e3o comprobat\u00f3ria para fins diversos. 2) Como fa\u00e7o para solicitar a Declara\u00e7\u00e3o de dispensa de Alvar\u00e1 Sanit\u00e1rio? A solicita\u00e7\u00e3o de declara\u00e7\u00e3o de dispensa de licenciamento sanit\u00e1rio deve ser solicitada preferencialmente de forma eletr\u00f4nica, atrav\u00e9s do portal e-VISA Cidad\u00e3o (https:\/\/esferasistemadigital.com.br\/visa\/evisa\/ ). O requerente dever\u00e1 realizar o cadastro no sistema e iniciar um novo requerimento, selecionando o motivo espec\u00edfico da solicita\u00e7\u00e3o. No portal, est\u00e1 dispon\u00edvel um manual com todas as orienta\u00e7\u00f5es para cadastro e realiza\u00e7\u00e3o de requerimentos. 3) Quais as documenta\u00e7\u00f5es necess\u00e1rias para emiss\u00e3o da declara\u00e7\u00e3o de dispensa de Alvar\u00e1 Sanit\u00e1rio? Requerimento devidamente assinado pelo Respons\u00e1vel Legal (gerado automaticamente pelo sistema e-VISA Cidad\u00e3o); Declara\u00e7\u00e3o de Enquadramento como Domic\u00edlio Fiscal, devidamente assinada pelo representante legal do estabelecimento (modelo padr\u00e3o dispon\u00edvel para download no portal e-VISA Cidad\u00e3o). 4) Qual o valor cobrado relativo ao servi\u00e7o? Gratuito. 5) Qual o prazo para emiss\u00e3o da declara\u00e7\u00e3o de dispensa? 30 dias ap\u00f3s o aceite do requerimento. 6) Como terei acesso a declara\u00e7\u00e3o de dispensa? O documento ser\u00e1 expedido atrav\u00e9s do portal e-VISA Cidad\u00e3o, e o requerente receber\u00e1 uma notifica\u00e7\u00e3o via e-mail cadastrado quando a declara\u00e7\u00e3o estiver dispon\u00edvel para consulta na \u00e1rea do requerente. Arquivos para Download Declara\u00e7\u00e3o de Domic\u00edlio Fiscal 64.19 KB 0 downloads &#8230; Download<\/p>\n","protected":false},"author":3,"featured_media":0,"parent":0,"menu_order":0,"comment_status":"closed","ping_status":"closed","template":"elementor_canvas","meta":{"ngg_post_thumbnail":0,"footnotes":""},"class_list":["post-7938","page","type-page","status-publish","hentry"],"_hostinger_reach_plugin_has_subscription_block":false,"_hostinger_reach_plugin_is_elementor":false,"_links":{"self":[{"href":"https:\/\/esferasistemadigital.com.br\/visa\/wp-json\/wp\/v2\/pages\/7938","targetHints":{"allow":["GET"]}}],"collection":[{"href":"https:\/\/esferasistemadigital.com.br\/visa\/wp-json\/wp\/v2\/pages"}],"about":[{"href":"https:\/\/esferasistemadigital.com.br\/visa\/wp-json\/wp\/v2\/types\/page"}],"author":[{"embeddable":true,"href":"https:\/\/esferasistemadigital.com.br\/visa\/wp-json\/wp\/v2\/users\/3"}],"replies":[{"embeddable":true,"href":"https:\/\/esferasistemadigital.com.br\/visa\/wp-json\/wp\/v2\/comments?post=7938"}],"version-history":[{"count":11,"href":"https:\/\/esferasistemadigital.com.br\/visa\/wp-json\/wp\/v2\/pages\/7938\/revisions"}],"predecessor-version":[{"id":8065,"href":"https:\/\/esferasistemadigital.com.br\/visa\/wp-json\/wp\/v2\/pages\/7938\/revisions\/8065"}],"wp:attachment":[{"href":"https:\/\/esferasistemadigital.com.br\/visa\/wp-json\/wp\/v2\/media?parent=7938"}],"curies":[{"name":"wp","href":"https:\/\/api.w.org\/{rel}","templated":true}]}}